{"id":18336,"date":"2025-05-16T09:22:19","date_gmt":"2025-05-16T07:22:19","guid":{"rendered":"https:\/\/www.newera-yachting.com\/upravljanje-carterskih-pogodb\/"},"modified":"2025-10-25T15:53:07","modified_gmt":"2025-10-25T13:53:07","slug":"upravljanje-carterskih-pogodb","status":"publish","type":"page","link":"https:\/\/www.newera-yachting.com\/sl\/upravljanje-carterskih-pogodb\/","title":{"rendered":"Charter Management"},"content":{"rendered":"<div class=\"wpb-content-wrapper\"><p>[vc_row full_width_css=&#8221;stretch_row_content_no_spaces_css&#8221; full_height=&#8221;yes&#8221; columns_placement=&#8221;bottom&#8221; conditional_render=&#8221;%5B%7B%22value_role%22%3A%22administrator%22%7D%5D&#8221; css=&#8221;.vc_custom_1747225481801{margin-top: 0px !important;background-image: url(https:\/\/www.newera-yachting.com\/wp-content\/uploads\/2025\/05\/Web-501682.jpg?id=5903) !important;background-position: center !important;background-repeat: no-repeat !important;background-size: cover !important;}&#8221; el_class=&#8221;product_hero&#8221;][vc_column][vc_row_inner wrap_container=&#8221;yes&#8221;][vc_column_inner css=&#8221;.vc_custom_1743066674826{margin-bottom: 50px !important;}&#8221;][vc_custom_heading text=&#8221;Charter Management&#8221; font_container=&#8221;tag:h2|font_size:20|text_align:left|color:%23ffffff&#8221; use_theme_fonts=&#8221;yes&#8221; css=&#8221;.vc_custom_1746795581449{margin-bottom: 20px !important;}&#8221; font_weight=&#8221;700&#8243;][vc_custom_heading text=&#8221;Naj va\u0161e plovilo dela za vas&#8221; font_container=&#8221;tag:h1|font_size:88|text_align:left|color:%23ffffff&#8221; use_theme_fonts=&#8221;yes&#8221; font_weight=&#8221;600&#8243;][\/vc_column_inner][\/vc_row_inner][\/vc_column][\/vc_row][vc_row full_width_css=&#8221;stretch_row_content_no_spaces_css&#8221; conditional_render=&#8221;%5B%7B%22value_role%22%3A%22administrator%22%7D%5D&#8221; el_class=&#8221;mix_mobile_pading&#8221; css=&#8221;.vc_custom_1743067173302{padding-top: 150px !important;padding-bottom: 150px !important;}&#8221;][vc_column][vc_row_inner wrap_container=&#8221;yes&#8221;][vc_column_inner][vc_custom_heading text=&#8221;Brezskrbno \u010darter lastni\u0161tvo&#8221; font_container=&#8221;tag:h1|font_size:48|text_align:left|color:%2314233d&#8221; use_theme_fonts=&#8221;yes&#8221; css=&#8221;.vc_custom_1747225622937{margin-bottom: 30px !important;}&#8221; font_weight=&#8221;600&#8243;][vc_column_text text_color=&#8221;#333333&#8243; text_typography=&#8221;{&#8220;family&#8220;:&#8220;Default&#8220;,&#8220;variant&#8220;:&#8220;regular&#8220;,&#8220;font_size&#8220;:&#8220;15px&#8220;,&#8220;line_height&#8220;:&#8220;26px&#8220;,&#8220;letter_spacing&#8220;:&#8220;&#8220;,&#8220;text_transform&#8220;:&#8220;&#8220;}&#8221;]<\/p>\n<div class=\"fl-module fl-module-rich-text fl-node-d42f8u5rjhgk\" data-node=\"d42f8u5rjhgk\">\n<div class=\"fl-module-content fl-node-content\">\n<div class=\"fl-rich-text\">\n<p class=\"\" data-start=\"97\" data-end=\"340\">Pri <strong data-start=\"100\" data-end=\"119\">Newera Yachting<\/strong> razumemo, da je nakup plovila pomembna odlo\u010ditev. Zato ponujamo celovito storitev <strong data-start=\"211\" data-end=\"233\">Charter Managementa<\/strong> , ki lastnikom plovil Saxdor omogo\u010da ne le u\u017eivanje v svoji nalo\u017ebi, temve\u010d tudi ustvarjanje dodatnega dohodka. <\/p>\n<p class=\"\" data-start=\"342\" data-end=\"588\">Z na\u0161im skrbno zasnovanim sistemom Charter Managementom lahko svojo plovilo oddate v najem v eni od \u0161tevilnih marin vzdol\u017e Jadranske obale, medtem ko mi poskrbimo za vse ostalo \u2013 od tr\u017eenja in rezervacij do vzdr\u017eevanja in priprav na sezono.<\/p>\n<h4 class=\"\" data-start=\"590\" data-end=\"632\">Zakaj izbrati Newera Charter Management?<\/h4>\n<ul data-start=\"634\" data-end=\"1455\">\n<li class=\"\" data-start=\"634\" data-end=\"795\">\n<p class=\"\" data-start=\"636\" data-end=\"795\"><strong data-start=\"636\" data-end=\"657\">Dodaten dohodek<\/strong>: Uporabljajte svoje plovilo za po\u010ditnice, preostali \u010das pa ga oddajajte v najem, da pokrijete stro\u0161ke marine, vzdr\u017eevanja in ustvarite dodaten dobi\u010dek.<\/p>\n<\/li>\n<li class=\"\" data-start=\"797\" data-end=\"909\">\n<p class=\"\" data-start=\"799\" data-end=\"909\"><strong data-start=\"799\" data-end=\"815\">Dav\u010dne ugodnosti<\/strong>: Mo\u017enost nakupa plovila prek podjetja in optimizacije dav\u010dnih obveznosti.<\/p>\n<\/li>\n<li class=\"\" data-start=\"911\" data-end=\"1032\">\n<p class=\"\" data-start=\"913\" data-end=\"1032\"><strong data-start=\"913\" data-end=\"937\">Celovita podpora<\/strong>: Na\u0161a izku\u0161ena ekipa nudi celovito tehni\u010dno podporo, redno vzdr\u017eevanje in servisiranje.<\/p>\n<\/li>\n<li class=\"\" data-start=\"1034\" data-end=\"1209\">\n<p class=\"\" data-start=\"1036\" data-end=\"1209\"><strong data-start=\"1036\" data-end=\"1060\">Vidnost in doseg<\/strong>: Va\u0161e plovilo bo objavljeno na platformo <a href=\"https:\/\/www.newera-charter.com\/\"><strong data-start=\"1094\" data-end=\"1112\">Newera Charter<\/strong><\/a> , ki povezuje mre\u017eo partnerskih marin in ponudnikov \u010darterskih storitev po celotnem Jadranu.<\/p>\n<\/li>\n<li class=\"\" data-start=\"1211\" data-end=\"1343\">\n<p class=\"\" data-start=\"1213\" data-end=\"1343\"><strong data-start=\"1213\" data-end=\"1234\">Prilagodljiva lokacija<\/strong>: Oddajte svoje plovilo kjer koli \u017eelite \u2013 uskladili se bomo z lokalnimi partnerji, ki \u017ee imajo zagotovljene priveze.<\/p>\n<\/li>\n<li class=\"\" data-start=\"1345\" data-end=\"1455\">\n<p class=\"\" data-start=\"1347\" data-end=\"1455\"><strong data-start=\"1347\" data-end=\"1375\">Preglednost in nadzor<\/strong>: Imeli boste poln dostop do koledarjev rezervacij, poro\u010dil o prihodkih in statusa plovila.<\/p>\n<\/li>\n<\/ul>\n<p class=\"\" data-start=\"1457\" data-end=\"1573\">Na\u0161 cilj je preprost \u2013 va\u0161im gostom zagotoviti vrhunsko navti\u010dno izku\u0161njo, vam pa brezskrbno in donosno lastni\u0161tvo plovila.<\/p>\n<h4 data-start=\"157\" data-end=\"194\">Vas zanima Charter Management?<\/h4>\n<p class=\"\" data-start=\"196\" data-end=\"376\">Spremenimo va\u0161e plovilo v pametno nalo\u017ebo. Ne glede na to, ali ste nov lastnik ali \u017ee del dru\u017eine Saxdor, smo tukaj, da vam pomagamo kar najbolje izkoristiti va\u0161e plovilo \u2013 brez te\u017eav. <\/p>\n<p class=\"\" data-start=\"378\" data-end=\"480\"><strong data-start=\"378\" data-end=\"398\">Stopite v stik z nami \u0161e danes<\/strong> in odkrijte, kako enostavno in donosno je lahko lastni\u0161tvo Saxdorja z Newera Yachting.<\/p>\n<p class=\"\" data-start=\"482\" data-end=\"694\"><strong data-start=\"485\" data-end=\"494\">Telefon<\/strong> : +386 41 699 325 <br data-start=\"511\" data-end=\"514\"> <strong data-start=\"517\" data-end=\"526\">E-po\u0161ta<\/strong> : <a class=\"cursor-pointer\" href=\"mailto:bostjan@newera-yachting.com\" rel=\"noopener\" data-start=\"528\" data-end=\"551\">bostjan@newera-yachting.com<\/a><\/p>\n<\/div>\n<\/div>\n<\/div>\n<p>[\/vc_column_text][\/vc_column_inner][\/vc_row_inner][\/vc_column][\/vc_row][vc_row full_width_css=&#8221;stretch_row_content_no_spaces_css&#8221; full_height=&#8221;yes&#8221; columns_placement=&#8221;bottom&#8221; video_bg=&#8221;yes&#8221; video_bg_url=&#8221;https:\/\/www.youtube.com\/watch?v=J3xBs9tASmM&amp;list=PL9uUUGE_-qzXoMId2L_bz_E7XfdTy2TDC&amp;index=22&#8243; conditional_render=&#8221;%5B%7B%22value_role%22%3A%22administrator%22%7D%5D&#8221; css=&#8221;.vc_custom_1747225904183{margin-top: 0px !important;background-position: center !important;background-repeat: no-repeat !important;background-size: cover !important;}&#8221;][vc_column][\/vc_column][\/vc_row]<\/p>\n<\/div>","protected":false},"excerpt":{"rendered":"<p>[vc_row full_width_css=&#8221;stretch_row_content_no_spaces_css&#8221; full_height=&#8221;yes&#8221; columns_placement=&#8221;bottom&#8221; conditional_render=&#8221;%5B%7B%22value_role%22%3A%22administrator%22%7D%5D&#8221; css=&#8221;.vc_custom_1747225481801{margin-top: 0px !important;background-image: url(https:\/\/www.newera-yachting.com\/wp-content\/uploads\/2025\/05\/Web-501682.jpg?id=5903) !important;background-position: center !important;background-repeat: no-repeat !important;background-size: cover !important;}&#8221; el_class=&#8221;product_hero&#8221;][vc_column][vc_row_inner wrap_container=&#8221;yes&#8221;][vc_column_inner css=&#8221;.vc_custom_1743066674826{margin-bottom: 50px !important;}&#8221;][vc_custom_heading text=&#8221;Charter Management&#8221; font_container=&#8221;tag:h2|font_size:20|text_align:left|color:%23ffffff&#8221; use_theme_fonts=&#8221;yes&#8221; css=&#8221;.vc_custom_1746795581449{margin-bottom: 20px !important;}&#8221; font_weight=&#8221;700&#8243;][vc_custom_heading text=&#8221;Naj va\u0161e plovilo dela za vas&#8221; font_container=&#8221;tag:h1|font_size:88|text_align:left|color:%23ffffff&#8221; use_theme_fonts=&#8221;yes&#8221; font_weight=&#8221;600&#8243;][\/vc_column_inner][\/vc_row_inner][\/vc_column][\/vc_row][vc_row full_width_css=&#8221;stretch_row_content_no_spaces_css&#8221; conditional_render=&#8221;%5B%7B%22value_role%22%3A%22administrator%22%7D%5D&#8221; el_class=&#8221;mix_mobile_pading&#8221; css=&#8221;.vc_custom_1743067173302{padding-top: 150px !important;padding-bottom: 150px !important;}&#8221;][vc_column][vc_row_inner wrap_container=&#8221;yes&#8221;][vc_column_inner][vc_custom_heading text=&#8221;Brezskrbno \u010darter lastni\u0161tvo&#8221; font_container=&#8221;tag:h1|font_size:48|text_align:left|color:%2314233d&#8221; use_theme_fonts=&#8221;yes&#8221; css=&#8221;.vc_custom_1747225622937{margin-bottom: 30px !important;}&#8221; [&hellip;]<\/p>\n","protected":false},"author":2,"featured_media":0,"parent":0,"menu_order":0,"comment_status":"closed","ping_status":"closed","template":"","meta":{"_acf_changed":false,"footnotes":""},"class_list":["post-18336","page","type-page","status-publish","hentry"],"acf":[],"yoast_head":"<!-- This site is optimized with the Yoast SEO plugin v25.8 - https:\/\/yoast.com\/wordpress\/plugins\/seo\/ -->\n<title>Charter Management - Newera Yachting<\/title>\n<meta name=\"robots\" content=\"index, follow, max-snippet:-1, max-image-preview:large, max-video-preview:-1\" \/>\n<link rel=\"canonical\" href=\"https:\/\/www.newera-yachting.com\/sl\/upravljanje-carterskih-pogodb\/\" \/>\n<meta property=\"og:locale\" content=\"sl_SI\" \/>\n<meta property=\"og:type\" content=\"article\" \/>\n<meta property=\"og:title\" content=\"Charter Management - Newera Yachting\" \/>\n<meta property=\"og:description\" content=\"[vc_row full_width_css=&#8221;stretch_row_content_no_spaces_css&#8221; full_height=&#8221;yes&#8221; columns_placement=&#8221;bottom&#8221; conditional_render=&#8221;%5B%7B%22value_role%22%3A%22administrator%22%7D%5D&#8221; css=&#8221;.vc_custom_1747225481801{margin-top: 0px !important;background-image: url(https:\/\/www.newera-yachting.com\/wp-content\/uploads\/2025\/05\/Web-501682.jpg?id=5903) !important;background-position: center !important;background-repeat: no-repeat !important;background-size: cover !important;}&#8221; el_class=&#8221;product_hero&#8221;][vc_column][vc_row_inner wrap_container=&#8221;yes&#8221;][vc_column_inner css=&#8221;.vc_custom_1743066674826{margin-bottom: 50px !important;}&#8221;][vc_custom_heading text=&#8221;Charter Management&#8221; font_container=&#8221;tag:h2|font_size:20|text_align:left|color:%23ffffff&#8221; use_theme_fonts=&#8221;yes&#8221; css=&#8221;.vc_custom_1746795581449{margin-bottom: 20px !important;}&#8221; font_weight=&#8221;700&#8243;][vc_custom_heading text=&#8221;Naj va\u0161e plovilo dela za vas&#8221; font_container=&#8221;tag:h1|font_size:88|text_align:left|color:%23ffffff&#8221; use_theme_fonts=&#8221;yes&#8221; font_weight=&#8221;600&#8243;][\/vc_column_inner][\/vc_row_inner][\/vc_column][\/vc_row][vc_row full_width_css=&#8221;stretch_row_content_no_spaces_css&#8221; conditional_render=&#8221;%5B%7B%22value_role%22%3A%22administrator%22%7D%5D&#8221; el_class=&#8221;mix_mobile_pading&#8221; css=&#8221;.vc_custom_1743067173302{padding-top: 150px !important;padding-bottom: 150px !important;}&#8221;][vc_column][vc_row_inner wrap_container=&#8221;yes&#8221;][vc_column_inner][vc_custom_heading text=&#8221;Brezskrbno \u010darter lastni\u0161tvo&#8221; font_container=&#8221;tag:h1|font_size:48|text_align:left|color:%2314233d&#8221; use_theme_fonts=&#8221;yes&#8221; css=&#8221;.vc_custom_1747225622937{margin-bottom: 30px !important;}&#8221; [&hellip;]\" \/>\n<meta property=\"og:url\" content=\"https:\/\/www.newera-yachting.com\/sl\/upravljanje-carterskih-pogodb\/\" \/>\n<meta property=\"og:site_name\" content=\"Newera Yachting\" \/>\n<meta property=\"article:publisher\" content=\"https:\/\/www.facebook.com\/newera.yachting\" \/>\n<meta property=\"article:modified_time\" content=\"2025-10-25T13:53:07+00:00\" \/>\n<meta name=\"twitter:card\" content=\"summary_large_image\" \/>\n<meta name=\"twitter:label1\" content=\"Est. reading time\" \/>\n\t<meta name=\"twitter:data1\" content=\"3 minuta\" \/>\n<script type=\"application\/ld+json\" class=\"yoast-schema-graph\">{\"@context\":\"https:\/\/schema.org\",\"@graph\":[{\"@type\":\"WebPage\",\"@id\":\"https:\/\/www.newera-yachting.com\/sl\/upravljanje-carterskih-pogodb\/\",\"url\":\"https:\/\/www.newera-yachting.com\/sl\/upravljanje-carterskih-pogodb\/\",\"name\":\"Charter Management - Newera Yachting\",\"isPartOf\":{\"@id\":\"https:\/\/www.newera-yachting.com\/sl\/#website\"},\"datePublished\":\"2025-05-16T07:22:19+00:00\",\"dateModified\":\"2025-10-25T13:53:07+00:00\",\"breadcrumb\":{\"@id\":\"https:\/\/www.newera-yachting.com\/sl\/upravljanje-carterskih-pogodb\/#breadcrumb\"},\"inLanguage\":\"sl-SI\",\"potentialAction\":[{\"@type\":\"ReadAction\",\"target\":[\"https:\/\/www.newera-yachting.com\/sl\/upravljanje-carterskih-pogodb\/\"]}]},{\"@type\":\"BreadcrumbList\",\"@id\":\"https:\/\/www.newera-yachting.com\/sl\/upravljanje-carterskih-pogodb\/#breadcrumb\",\"itemListElement\":[{\"@type\":\"ListItem\",\"position\":1,\"name\":\"Home\",\"item\":\"https:\/\/www.newera-yachting.com\/sl\/\"},{\"@type\":\"ListItem\",\"position\":2,\"name\":\"Charter Management\"}]},{\"@type\":\"WebSite\",\"@id\":\"https:\/\/www.newera-yachting.com\/sl\/#website\",\"url\":\"https:\/\/www.newera-yachting.com\/sl\/\",\"name\":\"Newera Yachting\",\"description\":\"Official dealer for Saxdor in Adriatic region\",\"publisher\":{\"@id\":\"https:\/\/www.newera-yachting.com\/sl\/#organization\"},\"potentialAction\":[{\"@type\":\"SearchAction\",\"target\":{\"@type\":\"EntryPoint\",\"urlTemplate\":\"https:\/\/www.newera-yachting.com\/sl\/?s={search_term_string}\"},\"query-input\":{\"@type\":\"PropertyValueSpecification\",\"valueRequired\":true,\"valueName\":\"search_term_string\"}}],\"inLanguage\":\"sl-SI\"},{\"@type\":\"Organization\",\"@id\":\"https:\/\/www.newera-yachting.com\/sl\/#organization\",\"name\":\"Newera Yachting\",\"url\":\"https:\/\/www.newera-yachting.com\/sl\/\",\"logo\":{\"@type\":\"ImageObject\",\"inLanguage\":\"sl-SI\",\"@id\":\"https:\/\/www.newera-yachting.com\/sl\/#\/schema\/logo\/image\/\",\"url\":\"https:\/\/www.newera-yachting.com\/wp-content\/uploads\/2025\/04\/newera.svg\",\"contentUrl\":\"https:\/\/www.newera-yachting.com\/wp-content\/uploads\/2025\/04\/newera.svg\",\"width\":1,\"height\":1,\"caption\":\"Newera Yachting\"},\"image\":{\"@id\":\"https:\/\/www.newera-yachting.com\/sl\/#\/schema\/logo\/image\/\"},\"sameAs\":[\"https:\/\/www.facebook.com\/newera.yachting\"]}]}<\/script>\n<!-- \/ Yoast SEO plugin. -->","yoast_head_json":{"title":"Charter Management - Newera Yachting","robots":{"index":"index","follow":"follow","max-snippet":"max-snippet:-1","max-image-preview":"max-image-preview:large","max-video-preview":"max-video-preview:-1"},"canonical":"https:\/\/www.newera-yachting.com\/sl\/upravljanje-carterskih-pogodb\/","og_locale":"sl_SI","og_type":"article","og_title":"Charter Management - Newera Yachting","og_description":"[vc_row full_width_css=&#8221;stretch_row_content_no_spaces_css&#8221; full_height=&#8221;yes&#8221; columns_placement=&#8221;bottom&#8221; conditional_render=&#8221;%5B%7B%22value_role%22%3A%22administrator%22%7D%5D&#8221; css=&#8221;.vc_custom_1747225481801{margin-top: 0px !important;background-image: url(https:\/\/www.newera-yachting.com\/wp-content\/uploads\/2025\/05\/Web-501682.jpg?id=5903) !important;background-position: center !important;background-repeat: no-repeat !important;background-size: cover !important;}&#8221; el_class=&#8221;product_hero&#8221;][vc_column][vc_row_inner wrap_container=&#8221;yes&#8221;][vc_column_inner css=&#8221;.vc_custom_1743066674826{margin-bottom: 50px !important;}&#8221;][vc_custom_heading text=&#8221;Charter Management&#8221; font_container=&#8221;tag:h2|font_size:20|text_align:left|color:%23ffffff&#8221; use_theme_fonts=&#8221;yes&#8221; css=&#8221;.vc_custom_1746795581449{margin-bottom: 20px !important;}&#8221; font_weight=&#8221;700&#8243;][vc_custom_heading text=&#8221;Naj va\u0161e plovilo dela za vas&#8221; font_container=&#8221;tag:h1|font_size:88|text_align:left|color:%23ffffff&#8221; use_theme_fonts=&#8221;yes&#8221; font_weight=&#8221;600&#8243;][\/vc_column_inner][\/vc_row_inner][\/vc_column][\/vc_row][vc_row full_width_css=&#8221;stretch_row_content_no_spaces_css&#8221; conditional_render=&#8221;%5B%7B%22value_role%22%3A%22administrator%22%7D%5D&#8221; el_class=&#8221;mix_mobile_pading&#8221; css=&#8221;.vc_custom_1743067173302{padding-top: 150px !important;padding-bottom: 150px !important;}&#8221;][vc_column][vc_row_inner wrap_container=&#8221;yes&#8221;][vc_column_inner][vc_custom_heading text=&#8221;Brezskrbno \u010darter lastni\u0161tvo&#8221; font_container=&#8221;tag:h1|font_size:48|text_align:left|color:%2314233d&#8221; use_theme_fonts=&#8221;yes&#8221; css=&#8221;.vc_custom_1747225622937{margin-bottom: 30px !important;}&#8221; [&hellip;]","og_url":"https:\/\/www.newera-yachting.com\/sl\/upravljanje-carterskih-pogodb\/","og_site_name":"Newera Yachting","article_publisher":"https:\/\/www.facebook.com\/newera.yachting","article_modified_time":"2025-10-25T13:53:07+00:00","twitter_card":"summary_large_image","twitter_misc":{"Est. reading time":"3 minuta"},"schema":{"@context":"https:\/\/schema.org","@graph":[{"@type":"WebPage","@id":"https:\/\/www.newera-yachting.com\/sl\/upravljanje-carterskih-pogodb\/","url":"https:\/\/www.newera-yachting.com\/sl\/upravljanje-carterskih-pogodb\/","name":"Charter Management - Newera Yachting","isPartOf":{"@id":"https:\/\/www.newera-yachting.com\/sl\/#website"},"datePublished":"2025-05-16T07:22:19+00:00","dateModified":"2025-10-25T13:53:07+00:00","breadcrumb":{"@id":"https:\/\/www.newera-yachting.com\/sl\/upravljanje-carterskih-pogodb\/#breadcrumb"},"inLanguage":"sl-SI","potentialAction":[{"@type":"ReadAction","target":["https:\/\/www.newera-yachting.com\/sl\/upravljanje-carterskih-pogodb\/"]}]},{"@type":"BreadcrumbList","@id":"https:\/\/www.newera-yachting.com\/sl\/upravljanje-carterskih-pogodb\/#breadcrumb","itemListElement":[{"@type":"ListItem","position":1,"name":"Home","item":"https:\/\/www.newera-yachting.com\/sl\/"},{"@type":"ListItem","position":2,"name":"Charter Management"}]},{"@type":"WebSite","@id":"https:\/\/www.newera-yachting.com\/sl\/#website","url":"https:\/\/www.newera-yachting.com\/sl\/","name":"Newera Yachting","description":"Official dealer for Saxdor in Adriatic region","publisher":{"@id":"https:\/\/www.newera-yachting.com\/sl\/#organization"},"potentialAction":[{"@type":"SearchAction","target":{"@type":"EntryPoint","urlTemplate":"https:\/\/www.newera-yachting.com\/sl\/?s={search_term_string}"},"query-input":{"@type":"PropertyValueSpecification","valueRequired":true,"valueName":"search_term_string"}}],"inLanguage":"sl-SI"},{"@type":"Organization","@id":"https:\/\/www.newera-yachting.com\/sl\/#organization","name":"Newera Yachting","url":"https:\/\/www.newera-yachting.com\/sl\/","logo":{"@type":"ImageObject","inLanguage":"sl-SI","@id":"https:\/\/www.newera-yachting.com\/sl\/#\/schema\/logo\/image\/","url":"https:\/\/www.newera-yachting.com\/wp-content\/uploads\/2025\/04\/newera.svg","contentUrl":"https:\/\/www.newera-yachting.com\/wp-content\/uploads\/2025\/04\/newera.svg","width":1,"height":1,"caption":"Newera Yachting"},"image":{"@id":"https:\/\/www.newera-yachting.com\/sl\/#\/schema\/logo\/image\/"},"sameAs":["https:\/\/www.facebook.com\/newera.yachting"]}]}},"_links":{"self":[{"href":"https:\/\/www.newera-yachting.com\/sl\/wp-json\/wp\/v2\/pages\/18336","targetHints":{"allow":["GET"]}}],"collection":[{"href":"https:\/\/www.newera-yachting.com\/sl\/wp-json\/wp\/v2\/pages"}],"about":[{"href":"https:\/\/www.newera-yachting.com\/sl\/wp-json\/wp\/v2\/types\/page"}],"author":[{"embeddable":true,"href":"https:\/\/www.newera-yachting.com\/sl\/wp-json\/wp\/v2\/users\/2"}],"replies":[{"embeddable":true,"href":"https:\/\/www.newera-yachting.com\/sl\/wp-json\/wp\/v2\/comments?post=18336"}],"version-history":[{"count":6,"href":"https:\/\/www.newera-yachting.com\/sl\/wp-json\/wp\/v2\/pages\/18336\/revisions"}],"predecessor-version":[{"id":19434,"href":"https:\/\/www.newera-yachting.com\/sl\/wp-json\/wp\/v2\/pages\/18336\/revisions\/19434"}],"wp:attachment":[{"href":"https:\/\/www.newera-yachting.com\/sl\/wp-json\/wp\/v2\/media?parent=18336"}],"curies":[{"name":"wp","href":"https:\/\/api.w.org\/{rel}","templated":true}]}}