{"id":18332,"date":"2025-05-29T15:16:51","date_gmt":"2025-05-29T13:16:51","guid":{"rendered":"https:\/\/www.newera-yachting.com\/storitve-jaht\/"},"modified":"2025-10-25T15:42:35","modified_gmt":"2025-10-25T13:42:35","slug":"storitve-jaht","status":"publish","type":"page","link":"https:\/\/www.newera-yachting.com\/sl\/storitve-jaht\/","title":{"rendered":"Servis plovil"},"content":{"rendered":"<div class=\"wpb-content-wrapper\"><p>[vc_row full_width_css=&#8221;stretch_row_content_no_spaces_css&#8221; full_height=&#8221;yes&#8221; columns_placement=&#8221;bottom&#8221; conditional_render=&#8221;%5B%7B%22value_role%22%3A%22administrator%22%7D%5D&#8221; css=&#8221;.vc_custom_1748523459324{margin-top: 0px !important;background-image: url(https:\/\/www.newera-yachting.com\/wp-content\/uploads\/2025\/04\/4F1A1121-768&#215;512-1.jpeg?id=5670) !important;background-position: center !important;background-repeat: no-repeat !important;background-size: cover !important;}&#8221; el_class=&#8221;product_hero&#8221;][vc_column][vc_row_inner wrap_container=&#8221;yes&#8221;][vc_column_inner css=&#8221;.vc_custom_1743066674826{margin-bottom: 50px !important;}&#8221;][vc_custom_heading text=&#8221;Servis in nadgradnja plovil&#8221; font_container=&#8221;tag:h2|font_size:20|text_align:left|color:%23ffffff&#8221; use_theme_fonts=&#8221;yes&#8221; css=&#8221;.vc_custom_1748522635582{margin-bottom: 20px !important;}&#8221; font_weight=&#8221;700&#8243;][vc_custom_heading text=&#8221;Strokovna poprodajna oskrba&#8221; font_container=&#8221;tag:h1|font_size:88|text_align:left|color:%23ffffff&#8221; use_theme_fonts=&#8221;yes&#8221; font_weight=&#8221;600&#8243;][\/vc_column_inner][\/vc_row_inner][\/vc_column][\/vc_row][vc_row full_width_css=&#8221;stretch_row_content_no_spaces_css&#8221; conditional_render=&#8221;%5B%7B%22value_role%22%3A%22administrator%22%7D%5D&#8221; el_class=&#8221;mix_mobile_pading&#8221; css=&#8221;.vc_custom_1743067173302{padding-top: 150px !important;padding-bottom: 150px !important;}&#8221;][vc_column][vc_row_inner wrap_container=&#8221;yes&#8221;][vc_column_inner][vc_custom_heading text=&#8221;Brezskrbno lastni\u0161tvo&#8221; font_container=&#8221;tag:h1|font_size:48|text_align:left|color:%2314233d&#8221; use_theme_fonts=&#8221;yes&#8221; css=&#8221;.vc_custom_1748524599682{margin-bottom: 30px !important;}&#8221; font_weight=&#8221;600&#8243;][vc_column_text text_color=&#8221;#333333&#8243; text_typography=&#8221;{&#8220;family&#8220;:&#8220;Default&#8220;,&#8220;variant&#8220;:&#8220;regular&#8220;,&#8220;font_size&#8220;:&#8220;15px&#8220;,&#8220;line_height&#8220;:&#8220;26px&#8220;,&#8220;letter_spacing&#8220;:&#8220;&#8220;,&#8220;text_transform&#8220;:&#8220;&#8220;}&#8221;]<\/p>\n<div class=\"fl-module fl-module-rich-text fl-node-d42f8u5rjhgk\" data-node=\"d42f8u5rjhgk\">\n<div class=\"fl-module-content fl-node-content\">\n<div class=\"fl-rich-text\">\n<div dir=\"ltr\">\n<p>Pri <b>Newera Yachting<\/b> verjamemo, da je dobro vzdr\u017eevano plovilo varno, zanesljivo in prijetno za uporabo.<br \/>Zato ponujamo celovit nabor profesionalnih navti\u010dnih storitev, s katerimi bo va\u0161e plovilo v vrhunskem stanju \u2013 sezono za sezono. <\/p>\n<p>Kot <b>poobla\u0161\u010deni servisni partner za izvenkrmne motorje Mercury, Yamaha in Suzuki<\/b> nudimo strokovno diagnostiko, vzdr\u017eevanje in popravila z uporabo originalnih delov in certificiranih postopkov, da zagotovimo optimalno delovanje in dolgo \u017eivljenjsko dobo motorja. Zagotavljamo tudi poobla\u0161\u010deno tovarni\u0161ko vzdr\u017eevanje motorjev po uradnem servisnem programu proizvajalca. <\/p>\n<h4><b>Na\u0161e storitve vklju\u010dujejo:<\/b><\/h4>\n<p><strong>Servis in popravila motorjev<\/strong><br \/><strong>Splo\u0161no vzdr\u017eevanje plovil<br \/><\/strong><strong>Dela na trupu in zunanjosti<\/strong><br \/><strong>Nadgradnje notranjosti in udobja<\/strong><br \/><strong>Elektri\u010dni in tehni\u010dni sistemi<\/strong><br \/><strong>Prilagoditev in nadgradnje<\/strong><\/p>\n<p>&nbsp;<\/p>\n<h4><b>Zakaj izbrati Newera Yacht Service?<\/b><\/h4>\n<\/div>\n<div>\n<ul>\n<li>Certificirano strokovno znanje \u2013 <b>poobla\u0161\u010deni servis Mercury, Yamaha in Suzuki<\/b><\/li>\n<li>Izku\u0161eni navti\u010dni strokovnjaki<\/li>\n<li>Uporaba visokokakovostnih materialov in orodij<\/li>\n<li>Prilagojeni servisni na\u010drti<\/li>\n<li>Lokacije: Marina Portoro\u017e (SLO), Marina Dalmacija Suko\u0161an (CRO) in Porto Montenegro (MNE)<\/li>\n<\/ul>\n<p>Ne glede na to, ali se pripravljate na poletno sezono, potrebujete nujna popravila ali na\u010drtujete celovito nadgradnjo sistema \u2013 tukaj smo, da vam pomagamo.<\/p>\n<\/div>\n<p class=\"\" data-start=\"378\" data-end=\"480\"><strong data-start=\"378\" data-end=\"398\"><br \/>Kontaktirajte nas:<\/strong><\/p>\n<p class=\"\" data-start=\"482\" data-end=\"694\"><strong data-start=\"485\" data-end=\"494\">Telefon<\/strong>: +386 41 276 049 <br data-start=\"511\" data-end=\"514\"><strong data-start=\"517\" data-end=\"526\">E-po\u0161ta<\/strong>: <a href=\"mailto:peter@newera-yachting.com\">peter@newera-yachting.com<\/a><\/p>\n<\/div>\n<\/div>\n<\/div>\n<p>[\/vc_column_text][\/vc_column_inner][\/vc_row_inner][\/vc_column][\/vc_row][vc_row full_width_css=&#8221;stretch_row_content_no_spaces_css&#8221; full_height=&#8221;yes&#8221; columns_placement=&#8221;bottom&#8221; video_bg=&#8221;yes&#8221; video_bg_url=&#8221;https:\/\/www.youtube.com\/watch?v=kJdFaY8wGfE&#038;list=PL9uUUGE_-qzXoMId2L_bz_E7XfdTy2TDC&#038;index=6&#8243; conditional_render=&#8221;%5B%7B%22value_role%22%3A%22administrator%22%7D%5D&#8221; css=&#8221;.vc_custom_1748524180721{margin-top: 0px !important;background-position: center !important;background-repeat: no-repeat !important;background-size: cover !important;}&#8221;][vc_column][\/vc_column][\/vc_row]<\/p>\n<\/div>","protected":false},"excerpt":{"rendered":"<p>[vc_row full_width_css=&#8221;stretch_row_content_no_spaces_css&#8221; full_height=&#8221;yes&#8221; columns_placement=&#8221;bottom&#8221; conditional_render=&#8221;%5B%7B%22value_role%22%3A%22administrator%22%7D%5D&#8221; css=&#8221;.vc_custom_1748523459324{margin-top: 0px !important;background-image: url(https:\/\/www.newera-yachting.com\/wp-content\/uploads\/2025\/04\/4F1A1121-768&#215;512-1.jpeg?id=5670) !important;background-position: center !important;background-repeat: no-repeat !important;background-size: cover !important;}&#8221; el_class=&#8221;product_hero&#8221;][vc_column][vc_row_inner wrap_container=&#8221;yes&#8221;][vc_column_inner css=&#8221;.vc_custom_1743066674826{margin-bottom: 50px !important;}&#8221;][vc_custom_heading text=&#8221;Servis in nadgradnja plovil&#8221; font_container=&#8221;tag:h2|font_size:20|text_align:left|color:%23ffffff&#8221; use_theme_fonts=&#8221;yes&#8221; css=&#8221;.vc_custom_1748522635582{margin-bottom: 20px !important;}&#8221; font_weight=&#8221;700&#8243;][vc_custom_heading text=&#8221;Strokovna poprodajna oskrba&#8221; font_container=&#8221;tag:h1|font_size:88|text_align:left|color:%23ffffff&#8221; use_theme_fonts=&#8221;yes&#8221; font_weight=&#8221;600&#8243;][\/vc_column_inner][\/vc_row_inner][\/vc_column][\/vc_row][vc_row full_width_css=&#8221;stretch_row_content_no_spaces_css&#8221; conditional_render=&#8221;%5B%7B%22value_role%22%3A%22administrator%22%7D%5D&#8221; el_class=&#8221;mix_mobile_pading&#8221; css=&#8221;.vc_custom_1743067173302{padding-top: 150px !important;padding-bottom: 150px !important;}&#8221;][vc_column][vc_row_inner wrap_container=&#8221;yes&#8221;][vc_column_inner][vc_custom_heading text=&#8221;Brezskrbno lastni\u0161tvo&#8221; font_container=&#8221;tag:h1|font_size:48|text_align:left|color:%2314233d&#8221; use_theme_fonts=&#8221;yes&#8221; css=&#8221;.vc_custom_1748524599682{margin-bottom: 30px !important;}&#8221; font_weight=&#8221;600&#8243;][vc_column_text text_color=&#8221;#333333&#8243; [&hellip;]<\/p>\n","protected":false},"author":2,"featured_media":0,"parent":0,"menu_order":0,"comment_status":"closed","ping_status":"closed","template":"","meta":{"_acf_changed":false,"footnotes":""},"class_list":["post-18332","page","type-page","status-publish","hentry"],"acf":[],"yoast_head":"<!-- This site is optimized with the Yoast SEO plugin v25.8 - https:\/\/yoast.com\/wordpress\/plugins\/seo\/ -->\n<title>Servis plovil - Newera Yachting<\/title>\n<meta name=\"robots\" content=\"index, follow, max-snippet:-1, max-image-preview:large, max-video-preview:-1\" \/>\n<link rel=\"canonical\" href=\"https:\/\/www.newera-yachting.com\/sl\/storitve-jaht\/\" \/>\n<meta property=\"og:locale\" content=\"sl_SI\" \/>\n<meta property=\"og:type\" content=\"article\" \/>\n<meta property=\"og:title\" content=\"Servis plovil - Newera Yachting\" \/>\n<meta property=\"og:description\" content=\"[vc_row full_width_css=&#8221;stretch_row_content_no_spaces_css&#8221; full_height=&#8221;yes&#8221; columns_placement=&#8221;bottom&#8221; conditional_render=&#8221;%5B%7B%22value_role%22%3A%22administrator%22%7D%5D&#8221; css=&#8221;.vc_custom_1748523459324{margin-top: 0px !important;background-image: url(https:\/\/www.newera-yachting.com\/wp-content\/uploads\/2025\/04\/4F1A1121-768&#215;512-1.jpeg?id=5670) !important;background-position: center !important;background-repeat: no-repeat !important;background-size: cover !important;}&#8221; el_class=&#8221;product_hero&#8221;][vc_column][vc_row_inner wrap_container=&#8221;yes&#8221;][vc_column_inner css=&#8221;.vc_custom_1743066674826{margin-bottom: 50px !important;}&#8221;][vc_custom_heading text=&#8221;Servis in nadgradnja plovil&#8221; font_container=&#8221;tag:h2|font_size:20|text_align:left|color:%23ffffff&#8221; use_theme_fonts=&#8221;yes&#8221; css=&#8221;.vc_custom_1748522635582{margin-bottom: 20px !important;}&#8221; font_weight=&#8221;700&#8243;][vc_custom_heading text=&#8221;Strokovna poprodajna oskrba&#8221; font_container=&#8221;tag:h1|font_size:88|text_align:left|color:%23ffffff&#8221; use_theme_fonts=&#8221;yes&#8221; font_weight=&#8221;600&#8243;][\/vc_column_inner][\/vc_row_inner][\/vc_column][\/vc_row][vc_row full_width_css=&#8221;stretch_row_content_no_spaces_css&#8221; conditional_render=&#8221;%5B%7B%22value_role%22%3A%22administrator%22%7D%5D&#8221; el_class=&#8221;mix_mobile_pading&#8221; css=&#8221;.vc_custom_1743067173302{padding-top: 150px !important;padding-bottom: 150px !important;}&#8221;][vc_column][vc_row_inner wrap_container=&#8221;yes&#8221;][vc_column_inner][vc_custom_heading text=&#8221;Brezskrbno lastni\u0161tvo&#8221; font_container=&#8221;tag:h1|font_size:48|text_align:left|color:%2314233d&#8221; use_theme_fonts=&#8221;yes&#8221; css=&#8221;.vc_custom_1748524599682{margin-bottom: 30px !important;}&#8221; font_weight=&#8221;600&#8243;][vc_column_text text_color=&#8221;#333333&#8243; [&hellip;]\" \/>\n<meta property=\"og:url\" content=\"https:\/\/www.newera-yachting.com\/sl\/storitve-jaht\/\" \/>\n<meta property=\"og:site_name\" content=\"Newera Yachting\" \/>\n<meta property=\"article:publisher\" content=\"https:\/\/www.facebook.com\/newera.yachting\" \/>\n<meta property=\"article:modified_time\" content=\"2025-10-25T13:42:35+00:00\" \/>\n<meta name=\"twitter:card\" content=\"summary_large_image\" \/>\n<meta name=\"twitter:label1\" content=\"Est. reading time\" \/>\n\t<meta name=\"twitter:data1\" content=\"3 minuta\" \/>\n<script type=\"application\/ld+json\" class=\"yoast-schema-graph\">{\"@context\":\"https:\/\/schema.org\",\"@graph\":[{\"@type\":\"WebPage\",\"@id\":\"https:\/\/www.newera-yachting.com\/sl\/storitve-jaht\/\",\"url\":\"https:\/\/www.newera-yachting.com\/sl\/storitve-jaht\/\",\"name\":\"Servis plovil - Newera Yachting\",\"isPartOf\":{\"@id\":\"https:\/\/www.newera-yachting.com\/sl\/#website\"},\"datePublished\":\"2025-05-29T13:16:51+00:00\",\"dateModified\":\"2025-10-25T13:42:35+00:00\",\"breadcrumb\":{\"@id\":\"https:\/\/www.newera-yachting.com\/sl\/storitve-jaht\/#breadcrumb\"},\"inLanguage\":\"sl-SI\",\"potentialAction\":[{\"@type\":\"ReadAction\",\"target\":[\"https:\/\/www.newera-yachting.com\/sl\/storitve-jaht\/\"]}]},{\"@type\":\"BreadcrumbList\",\"@id\":\"https:\/\/www.newera-yachting.com\/sl\/storitve-jaht\/#breadcrumb\",\"itemListElement\":[{\"@type\":\"ListItem\",\"position\":1,\"name\":\"Home\",\"item\":\"https:\/\/www.newera-yachting.com\/sl\/\"},{\"@type\":\"ListItem\",\"position\":2,\"name\":\"Servis plovil\"}]},{\"@type\":\"WebSite\",\"@id\":\"https:\/\/www.newera-yachting.com\/sl\/#website\",\"url\":\"https:\/\/www.newera-yachting.com\/sl\/\",\"name\":\"Newera Yachting\",\"description\":\"Official dealer for Saxdor in Adriatic region\",\"publisher\":{\"@id\":\"https:\/\/www.newera-yachting.com\/sl\/#organization\"},\"potentialAction\":[{\"@type\":\"SearchAction\",\"target\":{\"@type\":\"EntryPoint\",\"urlTemplate\":\"https:\/\/www.newera-yachting.com\/sl\/?s={search_term_string}\"},\"query-input\":{\"@type\":\"PropertyValueSpecification\",\"valueRequired\":true,\"valueName\":\"search_term_string\"}}],\"inLanguage\":\"sl-SI\"},{\"@type\":\"Organization\",\"@id\":\"https:\/\/www.newera-yachting.com\/sl\/#organization\",\"name\":\"Newera Yachting\",\"url\":\"https:\/\/www.newera-yachting.com\/sl\/\",\"logo\":{\"@type\":\"ImageObject\",\"inLanguage\":\"sl-SI\",\"@id\":\"https:\/\/www.newera-yachting.com\/sl\/#\/schema\/logo\/image\/\",\"url\":\"https:\/\/www.newera-yachting.com\/wp-content\/uploads\/2025\/04\/newera.svg\",\"contentUrl\":\"https:\/\/www.newera-yachting.com\/wp-content\/uploads\/2025\/04\/newera.svg\",\"width\":1,\"height\":1,\"caption\":\"Newera Yachting\"},\"image\":{\"@id\":\"https:\/\/www.newera-yachting.com\/sl\/#\/schema\/logo\/image\/\"},\"sameAs\":[\"https:\/\/www.facebook.com\/newera.yachting\"]}]}<\/script>\n<!-- \/ Yoast SEO plugin. -->","yoast_head_json":{"title":"Servis plovil - Newera Yachting","robots":{"index":"index","follow":"follow","max-snippet":"max-snippet:-1","max-image-preview":"max-image-preview:large","max-video-preview":"max-video-preview:-1"},"canonical":"https:\/\/www.newera-yachting.com\/sl\/storitve-jaht\/","og_locale":"sl_SI","og_type":"article","og_title":"Servis plovil - Newera Yachting","og_description":"[vc_row full_width_css=&#8221;stretch_row_content_no_spaces_css&#8221; full_height=&#8221;yes&#8221; columns_placement=&#8221;bottom&#8221; conditional_render=&#8221;%5B%7B%22value_role%22%3A%22administrator%22%7D%5D&#8221; css=&#8221;.vc_custom_1748523459324{margin-top: 0px !important;background-image: url(https:\/\/www.newera-yachting.com\/wp-content\/uploads\/2025\/04\/4F1A1121-768&#215;512-1.jpeg?id=5670) !important;background-position: center !important;background-repeat: no-repeat !important;background-size: cover !important;}&#8221; el_class=&#8221;product_hero&#8221;][vc_column][vc_row_inner wrap_container=&#8221;yes&#8221;][vc_column_inner css=&#8221;.vc_custom_1743066674826{margin-bottom: 50px !important;}&#8221;][vc_custom_heading text=&#8221;Servis in nadgradnja plovil&#8221; font_container=&#8221;tag:h2|font_size:20|text_align:left|color:%23ffffff&#8221; use_theme_fonts=&#8221;yes&#8221; css=&#8221;.vc_custom_1748522635582{margin-bottom: 20px !important;}&#8221; font_weight=&#8221;700&#8243;][vc_custom_heading text=&#8221;Strokovna poprodajna oskrba&#8221; font_container=&#8221;tag:h1|font_size:88|text_align:left|color:%23ffffff&#8221; use_theme_fonts=&#8221;yes&#8221; font_weight=&#8221;600&#8243;][\/vc_column_inner][\/vc_row_inner][\/vc_column][\/vc_row][vc_row full_width_css=&#8221;stretch_row_content_no_spaces_css&#8221; conditional_render=&#8221;%5B%7B%22value_role%22%3A%22administrator%22%7D%5D&#8221; el_class=&#8221;mix_mobile_pading&#8221; css=&#8221;.vc_custom_1743067173302{padding-top: 150px !important;padding-bottom: 150px !important;}&#8221;][vc_column][vc_row_inner wrap_container=&#8221;yes&#8221;][vc_column_inner][vc_custom_heading text=&#8221;Brezskrbno lastni\u0161tvo&#8221; font_container=&#8221;tag:h1|font_size:48|text_align:left|color:%2314233d&#8221; use_theme_fonts=&#8221;yes&#8221; css=&#8221;.vc_custom_1748524599682{margin-bottom: 30px !important;}&#8221; font_weight=&#8221;600&#8243;][vc_column_text text_color=&#8221;#333333&#8243; [&hellip;]","og_url":"https:\/\/www.newera-yachting.com\/sl\/storitve-jaht\/","og_site_name":"Newera Yachting","article_publisher":"https:\/\/www.facebook.com\/newera.yachting","article_modified_time":"2025-10-25T13:42:35+00:00","twitter_card":"summary_large_image","twitter_misc":{"Est. reading time":"3 minuta"},"schema":{"@context":"https:\/\/schema.org","@graph":[{"@type":"WebPage","@id":"https:\/\/www.newera-yachting.com\/sl\/storitve-jaht\/","url":"https:\/\/www.newera-yachting.com\/sl\/storitve-jaht\/","name":"Servis plovil - Newera Yachting","isPartOf":{"@id":"https:\/\/www.newera-yachting.com\/sl\/#website"},"datePublished":"2025-05-29T13:16:51+00:00","dateModified":"2025-10-25T13:42:35+00:00","breadcrumb":{"@id":"https:\/\/www.newera-yachting.com\/sl\/storitve-jaht\/#breadcrumb"},"inLanguage":"sl-SI","potentialAction":[{"@type":"ReadAction","target":["https:\/\/www.newera-yachting.com\/sl\/storitve-jaht\/"]}]},{"@type":"BreadcrumbList","@id":"https:\/\/www.newera-yachting.com\/sl\/storitve-jaht\/#breadcrumb","itemListElement":[{"@type":"ListItem","position":1,"name":"Home","item":"https:\/\/www.newera-yachting.com\/sl\/"},{"@type":"ListItem","position":2,"name":"Servis plovil"}]},{"@type":"WebSite","@id":"https:\/\/www.newera-yachting.com\/sl\/#website","url":"https:\/\/www.newera-yachting.com\/sl\/","name":"Newera Yachting","description":"Official dealer for Saxdor in Adriatic region","publisher":{"@id":"https:\/\/www.newera-yachting.com\/sl\/#organization"},"potentialAction":[{"@type":"SearchAction","target":{"@type":"EntryPoint","urlTemplate":"https:\/\/www.newera-yachting.com\/sl\/?s={search_term_string}"},"query-input":{"@type":"PropertyValueSpecification","valueRequired":true,"valueName":"search_term_string"}}],"inLanguage":"sl-SI"},{"@type":"Organization","@id":"https:\/\/www.newera-yachting.com\/sl\/#organization","name":"Newera Yachting","url":"https:\/\/www.newera-yachting.com\/sl\/","logo":{"@type":"ImageObject","inLanguage":"sl-SI","@id":"https:\/\/www.newera-yachting.com\/sl\/#\/schema\/logo\/image\/","url":"https:\/\/www.newera-yachting.com\/wp-content\/uploads\/2025\/04\/newera.svg","contentUrl":"https:\/\/www.newera-yachting.com\/wp-content\/uploads\/2025\/04\/newera.svg","width":1,"height":1,"caption":"Newera Yachting"},"image":{"@id":"https:\/\/www.newera-yachting.com\/sl\/#\/schema\/logo\/image\/"},"sameAs":["https:\/\/www.facebook.com\/newera.yachting"]}]}},"_links":{"self":[{"href":"https:\/\/www.newera-yachting.com\/sl\/wp-json\/wp\/v2\/pages\/18332","targetHints":{"allow":["GET"]}}],"collection":[{"href":"https:\/\/www.newera-yachting.com\/sl\/wp-json\/wp\/v2\/pages"}],"about":[{"href":"https:\/\/www.newera-yachting.com\/sl\/wp-json\/wp\/v2\/types\/page"}],"author":[{"embeddable":true,"href":"https:\/\/www.newera-yachting.com\/sl\/wp-json\/wp\/v2\/users\/2"}],"replies":[{"embeddable":true,"href":"https:\/\/www.newera-yachting.com\/sl\/wp-json\/wp\/v2\/comments?post=18332"}],"version-history":[{"count":8,"href":"https:\/\/www.newera-yachting.com\/sl\/wp-json\/wp\/v2\/pages\/18332\/revisions"}],"predecessor-version":[{"id":19431,"href":"https:\/\/www.newera-yachting.com\/sl\/wp-json\/wp\/v2\/pages\/18332\/revisions\/19431"}],"wp:attachment":[{"href":"https:\/\/www.newera-yachting.com\/sl\/wp-json\/wp\/v2\/media?parent=18332"}],"curies":[{"name":"wp","href":"https:\/\/api.w.org\/{rel}","templated":true}]}}