{"id":18605,"date":"2025-05-29T15:16:51","date_gmt":"2025-05-29T13:16:51","guid":{"rendered":"https:\/\/www.newera-yachting.com\/jachtarsky-servis\/"},"modified":"2025-11-17T13:02:37","modified_gmt":"2025-11-17T12:02:37","slug":"jachtarsky-servis","status":"publish","type":"page","link":"https:\/\/www.newera-yachting.com\/sk\/jachtarsky-servis\/","title":{"rendered":"Jacht\u00e1rsky servis"},"content":{"rendered":"<div class=\"wpb-content-wrapper\"><p>[vc_row full_width_css=&#8221;stretch_row_content_no_spaces_css&#8221; full_height=&#8221;yes&#8221; columns_placement=&#8221;bottom&#8221; conditional_render=&#8221;%5B%7B%22value_role%22%3A%22administrator%22%7D%5D&#8221; css=&#8221;.vc_custom_1748523459324{margin-top: 0px !important;background-image: url(https:\/\/www.newera-yachting.com\/wp-content\/uploads\/2025\/04\/4F1A1121-768&#215;512-1.jpeg?id=5670) !important;background-position: center !important;background-repeat: no-repeat !important;background-size: cover !important;}&#8221; el_class=&#8221;product_hero&#8221;][vc_column][vc_row_inner wrap_container=&#8221;yes&#8221;][vc_column_inner css=&#8221;.vc_custom_1743066674826{margin-bottom: 50px !important;}&#8221;][vc_custom_heading text=&#8221;Servis a podpora j\u00e1cht&#8221; font_container=&#8221;tag:h2|font_size:20|text_align:left|color:%23ffffff&#8221; use_theme_fonts=&#8221;yes&#8221; css=&#8221;.vc_custom_1748522635582{margin-bottom: 20px !important;}&#8221; font_weight=&#8221;700&#8243;][vc_custom_heading text=&#8221;Odborn\u00e1 popredajn\u00e1 starostlivos\u0165&#8221; font_container=&#8221;tag:h1|font_size:88|text_align:left|color:%23ffffff&#8221; use_theme_fonts=&#8221;yes&#8221; font_weight=&#8221;600&#8243;][\/vc_column_inner][\/vc_row_inner][\/vc_column][\/vc_row][vc_row full_width_css=&#8221;stretch_row_content_no_spaces_css&#8221; conditional_render=&#8221;%5B%7B%22value_role%22%3A%22administrator%22%7D%5D&#8221; el_class=&#8221;mix_mobile_pading&#8221; css=&#8221;.vc_custom_1743067173302{padding-top: 150px !important;padding-bottom: 150px !important;}&#8221;][vc_column][vc_row_inner wrap_container=&#8221;yes&#8221;][vc_column_inner][vc_custom_heading text=&#8221;Bezstarostn\u00e9 vlastn\u00edctvo&#8221; font_container=&#8221;tag:h1|font_size:48|text_align:left|color:%2314233d&#8221; use_theme_fonts=&#8221;yes&#8221; css=&#8221;.vc_custom_1748524599682{margin-bottom: 30px !important;}&#8221; font_weight=&#8221;600&#8243;][vc_column_text text_color=&#8221;#333333&#8243; text_typography=&#8221;{&#8220;family&#8220;:&#8220;Default&#8220;,&#8220;variant&#8220;:&#8220;regular&#8220;,&#8220;font_size&#8220;:&#8220;15px&#8220;,&#8220;line_height&#8220;:&#8220;26px&#8220;,&#8220;letter_spacing&#8220;:&#8220;&#8220;,&#8220;text_transform&#8220;:&#8220;&#8220;}&#8221;]<\/p>\n<div class=\"fl-module fl-module-rich-text fl-node-d42f8u5rjhgk\" data-node=\"d42f8u5rjhgk\">\n<div class=\"fl-module-content fl-node-content\">\n<div class=\"fl-rich-text\">\n<div dir=\"ltr\">\n<p>V <b>Newera Yachting<\/b> ver\u00edme, \u017ee dobre udr\u017eiavan\u00e1 lo\u010f je bezpe\u010dn\u00e1, spo\u013eahliv\u00e1 a pr\u00edjemn\u00e1. Preto pon\u00fakame kompletn\u00fd sortiment profesion\u00e1lnych n\u00e1morn\u00fdch slu\u017eieb, ktor\u00e9 udr\u017euj\u00fa va\u0161u lo\u010f v perfektnom stave \u2013 sez\u00f3nu \u010do sez\u00f3nu. <\/p>\n<p>Ako <b>autorizovan\u00fd servisn\u00fd partner pre lodn\u00e9 motory Mercury, Yamaha a Suzuki<\/b> poskytujeme odborn\u00fa diagnostiku, \u00fadr\u017ebu a opravy s pou\u017eit\u00edm origin\u00e1lnych dielov a certifikovan\u00fdch techn\u00edk, aby sme zabezpe\u010dili optim\u00e1lny v\u00fdkon a dlh\u00fa \u017eivotnos\u0165 motora. Taktie\u017e realizujeme autorizovan\u00fa pl\u00e1novan\u00fa \u00fadr\u017ebu pod\u013ea predpisov v\u00fdrobcu. <\/p>\n<h4><b>Na\u0161e slu\u017eby zah\u0155\u0148aj\u00fa:<\/b><\/h4>\n<p><strong>Servis a opravy motorov<\/strong><br \/><strong>V\u0161eobecn\u00e1 \u00fadr\u017eba lod\u00ed<\/strong><br \/><strong>Pr\u00e1ce na trupe a exteri\u00e9ri<\/strong><br \/><strong>Vylep\u0161enia interi\u00e9ru a komfortu<\/strong><br \/><strong>Elektrick\u00e9 a technick\u00e9 syst\u00e9my<\/strong><br \/><strong>Prisp\u00f4sobenie a vylep\u0161enia<\/strong><\/p>\n<p>&nbsp;<\/p>\n<h4><b>Pre\u010do si vybra\u0165 Newera Yacht Service?<\/b><\/h4>\n<\/div>\n<div>\n<ul>\n<li>Certifikovan\u00e1 odbornos\u0165 \u2013 <b>autorizovan\u00fd servis Mercury, Yamaha a Suzuki<\/b><\/li>\n<li>Sk\u00fasen\u00ed n\u00e1morn\u00ed technici<\/li>\n<li>Pou\u017e\u00edvanie vysokokvalitn\u00fdch materi\u00e1lov a n\u00e1strojov<\/li>\n<li>Personalizovan\u00e9 servisn\u00e9 pl\u00e1ny<\/li>\n<li>So s\u00eddlom v Marina Portoro\u017e (SLO), Marina Dalmacija Suko\u0161an (CRO) a Porto Montenegro (MNE)<\/li>\n<\/ul>\n<p>\u010ci u\u017e sa pripravujete na letn\u00fa sez\u00f3nu, potrebujete n\u00fadzov\u00e9 opravy alebo pl\u00e1nujete kompletn\u00fa moderniz\u00e1ciu syst\u00e9mu \u2013 sme tu, aby sme v\u00e1m pomohli.<\/p>\n<\/div>\n<p class=\"\" data-start=\"378\" data-end=\"480\"><strong data-start=\"378\" data-end=\"398\"><br \/>Kontaktujte n\u00e1s:<\/strong><\/p>\n<p class=\"\" data-start=\"482\" data-end=\"694\"><strong data-start=\"485\" data-end=\"494\">Telef\u00f3n<\/strong> : +386 41 276 049 <br data-start=\"511\" data-end=\"514\"> <strong data-start=\"517\" data-end=\"526\">E-mail<\/strong> : <a href=\"mailto:peter@newera-yachting.com\">peter@newera-yachting.com<\/a><\/p>\n<\/div>\n<\/div>\n<\/div>\n<p>[\/vc_column_text][\/vc_column_inner][\/vc_row_inner][\/vc_column][\/vc_row][vc_row full_width_css=&#8221;stretch_row_content_no_spaces_css&#8221; full_height=&#8221;yes&#8221; columns_placement=&#8221;bottom&#8221; video_bg=&#8221;yes&#8221; video_bg_url=&#8221;https:\/\/www.youtube.com\/watch?v=kJdFaY8wGfE&#038;list=PL9uUUGE_-qzXoMId2L_bz_E7XfdTy2TDC&#038;index=6&#8243; conditional_render=&#8221;%5B%7B%22value_role%22%3A%22administrator%22%7D%5D&#8221; css=&#8221;.vc_custom_1748524180721{margin-top: 0px !important;background-position: center !important;background-repeat: no-repeat !important;background-size: cover !important;}&#8221;][vc_column][\/vc_column][\/vc_row]<\/p>\n<\/div>","protected":false},"excerpt":{"rendered":"<p>[vc_row full_width_css=&#8221;stretch_row_content_no_spaces_css&#8221; full_height=&#8221;yes&#8221; columns_placement=&#8221;bottom&#8221; conditional_render=&#8221;%5B%7B%22value_role%22%3A%22administrator%22%7D%5D&#8221; css=&#8221;.vc_custom_1748523459324{margin-top: 0px !important;background-image: url(https:\/\/www.newera-yachting.com\/wp-content\/uploads\/2025\/04\/4F1A1121-768&#215;512-1.jpeg?id=5670) !important;background-position: center !important;background-repeat: no-repeat !important;background-size: cover !important;}&#8221; el_class=&#8221;product_hero&#8221;][vc_column][vc_row_inner wrap_container=&#8221;yes&#8221;][vc_column_inner css=&#8221;.vc_custom_1743066674826{margin-bottom: 50px !important;}&#8221;][vc_custom_heading text=&#8221;Servis a podpora j\u00e1cht&#8221; font_container=&#8221;tag:h2|font_size:20|text_align:left|color:%23ffffff&#8221; use_theme_fonts=&#8221;yes&#8221; css=&#8221;.vc_custom_1748522635582{margin-bottom: 20px !important;}&#8221; font_weight=&#8221;700&#8243;][vc_custom_heading text=&#8221;Odborn\u00e1 popredajn\u00e1 starostlivos\u0165&#8221; font_container=&#8221;tag:h1|font_size:88|text_align:left|color:%23ffffff&#8221; use_theme_fonts=&#8221;yes&#8221; font_weight=&#8221;600&#8243;][\/vc_column_inner][\/vc_row_inner][\/vc_column][\/vc_row][vc_row full_width_css=&#8221;stretch_row_content_no_spaces_css&#8221; conditional_render=&#8221;%5B%7B%22value_role%22%3A%22administrator%22%7D%5D&#8221; el_class=&#8221;mix_mobile_pading&#8221; css=&#8221;.vc_custom_1743067173302{padding-top: 150px !important;padding-bottom: 150px !important;}&#8221;][vc_column][vc_row_inner wrap_container=&#8221;yes&#8221;][vc_column_inner][vc_custom_heading text=&#8221;Bezstarostn\u00e9 vlastn\u00edctvo&#8221; font_container=&#8221;tag:h1|font_size:48|text_align:left|color:%2314233d&#8221; use_theme_fonts=&#8221;yes&#8221; css=&#8221;.vc_custom_1748524599682{margin-bottom: 30px !important;}&#8221; font_weight=&#8221;600&#8243;][vc_column_text text_color=&#8221;#333333&#8243; [&hellip;]<\/p>\n","protected":false},"author":2,"featured_media":0,"parent":0,"menu_order":0,"comment_status":"closed","ping_status":"closed","template":"","meta":{"_acf_changed":false,"footnotes":""},"class_list":["post-18605","page","type-page","status-publish","hentry"],"acf":[],"yoast_head":"<!-- This site is optimized with the Yoast SEO plugin v25.8 - https:\/\/yoast.com\/wordpress\/plugins\/seo\/ -->\n<title>Jacht\u00e1rsky servis - Newera Yachting<\/title>\n<meta name=\"robots\" content=\"index, follow, max-snippet:-1, max-image-preview:large, max-video-preview:-1\" \/>\n<link rel=\"canonical\" href=\"https:\/\/www.newera-yachting.com\/sk\/jachtarsky-servis\/\" \/>\n<meta property=\"og:locale\" content=\"sk_SK\" \/>\n<meta property=\"og:type\" content=\"article\" \/>\n<meta property=\"og:title\" content=\"Jacht\u00e1rsky servis - Newera Yachting\" \/>\n<meta property=\"og:description\" content=\"[vc_row full_width_css=&#8221;stretch_row_content_no_spaces_css&#8221; full_height=&#8221;yes&#8221; columns_placement=&#8221;bottom&#8221; conditional_render=&#8221;%5B%7B%22value_role%22%3A%22administrator%22%7D%5D&#8221; css=&#8221;.vc_custom_1748523459324{margin-top: 0px !important;background-image: url(https:\/\/www.newera-yachting.com\/wp-content\/uploads\/2025\/04\/4F1A1121-768&#215;512-1.jpeg?id=5670) !important;background-position: center !important;background-repeat: no-repeat !important;background-size: cover !important;}&#8221; el_class=&#8221;product_hero&#8221;][vc_column][vc_row_inner wrap_container=&#8221;yes&#8221;][vc_column_inner css=&#8221;.vc_custom_1743066674826{margin-bottom: 50px !important;}&#8221;][vc_custom_heading text=&#8221;Servis a podpora j\u00e1cht&#8221; font_container=&#8221;tag:h2|font_size:20|text_align:left|color:%23ffffff&#8221; use_theme_fonts=&#8221;yes&#8221; css=&#8221;.vc_custom_1748522635582{margin-bottom: 20px !important;}&#8221; font_weight=&#8221;700&#8243;][vc_custom_heading text=&#8221;Odborn\u00e1 popredajn\u00e1 starostlivos\u0165&#8221; font_container=&#8221;tag:h1|font_size:88|text_align:left|color:%23ffffff&#8221; use_theme_fonts=&#8221;yes&#8221; font_weight=&#8221;600&#8243;][\/vc_column_inner][\/vc_row_inner][\/vc_column][\/vc_row][vc_row full_width_css=&#8221;stretch_row_content_no_spaces_css&#8221; conditional_render=&#8221;%5B%7B%22value_role%22%3A%22administrator%22%7D%5D&#8221; el_class=&#8221;mix_mobile_pading&#8221; css=&#8221;.vc_custom_1743067173302{padding-top: 150px !important;padding-bottom: 150px !important;}&#8221;][vc_column][vc_row_inner wrap_container=&#8221;yes&#8221;][vc_column_inner][vc_custom_heading text=&#8221;Bezstarostn\u00e9 vlastn\u00edctvo&#8221; font_container=&#8221;tag:h1|font_size:48|text_align:left|color:%2314233d&#8221; use_theme_fonts=&#8221;yes&#8221; css=&#8221;.vc_custom_1748524599682{margin-bottom: 30px !important;}&#8221; font_weight=&#8221;600&#8243;][vc_column_text text_color=&#8221;#333333&#8243; [&hellip;]\" \/>\n<meta property=\"og:url\" content=\"https:\/\/www.newera-yachting.com\/sk\/jachtarsky-servis\/\" \/>\n<meta property=\"og:site_name\" content=\"Newera Yachting\" \/>\n<meta property=\"article:publisher\" content=\"https:\/\/www.facebook.com\/newera.yachting\" \/>\n<meta property=\"article:modified_time\" content=\"2025-11-17T12:02:37+00:00\" \/>\n<meta name=\"twitter:card\" content=\"summary_large_image\" \/>\n<meta name=\"twitter:label1\" content=\"Est. reading time\" \/>\n\t<meta name=\"twitter:data1\" content=\"3 minutes\" \/>\n<script type=\"application\/ld+json\" class=\"yoast-schema-graph\">{\"@context\":\"https:\/\/schema.org\",\"@graph\":[{\"@type\":\"WebPage\",\"@id\":\"https:\/\/www.newera-yachting.com\/sk\/jachtarsky-servis\/\",\"url\":\"https:\/\/www.newera-yachting.com\/sk\/jachtarsky-servis\/\",\"name\":\"Jacht\u00e1rsky servis - Newera Yachting\",\"isPartOf\":{\"@id\":\"https:\/\/www.newera-yachting.com\/sk\/#website\"},\"datePublished\":\"2025-05-29T13:16:51+00:00\",\"dateModified\":\"2025-11-17T12:02:37+00:00\",\"breadcrumb\":{\"@id\":\"https:\/\/www.newera-yachting.com\/sk\/jachtarsky-servis\/#breadcrumb\"},\"inLanguage\":\"sk-SK\",\"potentialAction\":[{\"@type\":\"ReadAction\",\"target\":[\"https:\/\/www.newera-yachting.com\/sk\/jachtarsky-servis\/\"]}]},{\"@type\":\"BreadcrumbList\",\"@id\":\"https:\/\/www.newera-yachting.com\/sk\/jachtarsky-servis\/#breadcrumb\",\"itemListElement\":[{\"@type\":\"ListItem\",\"position\":1,\"name\":\"Home\",\"item\":\"https:\/\/www.newera-yachting.com\/sk\/\"},{\"@type\":\"ListItem\",\"position\":2,\"name\":\"Jacht\u00e1rsky servis\"}]},{\"@type\":\"WebSite\",\"@id\":\"https:\/\/www.newera-yachting.com\/sk\/#website\",\"url\":\"https:\/\/www.newera-yachting.com\/sk\/\",\"name\":\"Newera Yachting\",\"description\":\"Official dealer for Saxdor in Adriatic region\",\"publisher\":{\"@id\":\"https:\/\/www.newera-yachting.com\/sk\/#organization\"},\"potentialAction\":[{\"@type\":\"SearchAction\",\"target\":{\"@type\":\"EntryPoint\",\"urlTemplate\":\"https:\/\/www.newera-yachting.com\/sk\/?s={search_term_string}\"},\"query-input\":{\"@type\":\"PropertyValueSpecification\",\"valueRequired\":true,\"valueName\":\"search_term_string\"}}],\"inLanguage\":\"sk-SK\"},{\"@type\":\"Organization\",\"@id\":\"https:\/\/www.newera-yachting.com\/sk\/#organization\",\"name\":\"Newera Yachting\",\"url\":\"https:\/\/www.newera-yachting.com\/sk\/\",\"logo\":{\"@type\":\"ImageObject\",\"inLanguage\":\"sk-SK\",\"@id\":\"https:\/\/www.newera-yachting.com\/sk\/#\/schema\/logo\/image\/\",\"url\":\"https:\/\/www.newera-yachting.com\/wp-content\/uploads\/2025\/04\/newera.svg\",\"contentUrl\":\"https:\/\/www.newera-yachting.com\/wp-content\/uploads\/2025\/04\/newera.svg\",\"width\":1,\"height\":1,\"caption\":\"Newera Yachting\"},\"image\":{\"@id\":\"https:\/\/www.newera-yachting.com\/sk\/#\/schema\/logo\/image\/\"},\"sameAs\":[\"https:\/\/www.facebook.com\/newera.yachting\"]}]}<\/script>\n<!-- \/ Yoast SEO plugin. -->","yoast_head_json":{"title":"Jacht\u00e1rsky servis - Newera Yachting","robots":{"index":"index","follow":"follow","max-snippet":"max-snippet:-1","max-image-preview":"max-image-preview:large","max-video-preview":"max-video-preview:-1"},"canonical":"https:\/\/www.newera-yachting.com\/sk\/jachtarsky-servis\/","og_locale":"sk_SK","og_type":"article","og_title":"Jacht\u00e1rsky servis - Newera Yachting","og_description":"[vc_row full_width_css=&#8221;stretch_row_content_no_spaces_css&#8221; full_height=&#8221;yes&#8221; columns_placement=&#8221;bottom&#8221; conditional_render=&#8221;%5B%7B%22value_role%22%3A%22administrator%22%7D%5D&#8221; css=&#8221;.vc_custom_1748523459324{margin-top: 0px !important;background-image: url(https:\/\/www.newera-yachting.com\/wp-content\/uploads\/2025\/04\/4F1A1121-768&#215;512-1.jpeg?id=5670) !important;background-position: center !important;background-repeat: no-repeat !important;background-size: cover !important;}&#8221; el_class=&#8221;product_hero&#8221;][vc_column][vc_row_inner wrap_container=&#8221;yes&#8221;][vc_column_inner css=&#8221;.vc_custom_1743066674826{margin-bottom: 50px !important;}&#8221;][vc_custom_heading text=&#8221;Servis a podpora j\u00e1cht&#8221; font_container=&#8221;tag:h2|font_size:20|text_align:left|color:%23ffffff&#8221; use_theme_fonts=&#8221;yes&#8221; css=&#8221;.vc_custom_1748522635582{margin-bottom: 20px !important;}&#8221; font_weight=&#8221;700&#8243;][vc_custom_heading text=&#8221;Odborn\u00e1 popredajn\u00e1 starostlivos\u0165&#8221; font_container=&#8221;tag:h1|font_size:88|text_align:left|color:%23ffffff&#8221; use_theme_fonts=&#8221;yes&#8221; font_weight=&#8221;600&#8243;][\/vc_column_inner][\/vc_row_inner][\/vc_column][\/vc_row][vc_row full_width_css=&#8221;stretch_row_content_no_spaces_css&#8221; conditional_render=&#8221;%5B%7B%22value_role%22%3A%22administrator%22%7D%5D&#8221; el_class=&#8221;mix_mobile_pading&#8221; css=&#8221;.vc_custom_1743067173302{padding-top: 150px !important;padding-bottom: 150px !important;}&#8221;][vc_column][vc_row_inner wrap_container=&#8221;yes&#8221;][vc_column_inner][vc_custom_heading text=&#8221;Bezstarostn\u00e9 vlastn\u00edctvo&#8221; font_container=&#8221;tag:h1|font_size:48|text_align:left|color:%2314233d&#8221; use_theme_fonts=&#8221;yes&#8221; css=&#8221;.vc_custom_1748524599682{margin-bottom: 30px !important;}&#8221; font_weight=&#8221;600&#8243;][vc_column_text text_color=&#8221;#333333&#8243; [&hellip;]","og_url":"https:\/\/www.newera-yachting.com\/sk\/jachtarsky-servis\/","og_site_name":"Newera Yachting","article_publisher":"https:\/\/www.facebook.com\/newera.yachting","article_modified_time":"2025-11-17T12:02:37+00:00","twitter_card":"summary_large_image","twitter_misc":{"Est. reading time":"3 minutes"},"schema":{"@context":"https:\/\/schema.org","@graph":[{"@type":"WebPage","@id":"https:\/\/www.newera-yachting.com\/sk\/jachtarsky-servis\/","url":"https:\/\/www.newera-yachting.com\/sk\/jachtarsky-servis\/","name":"Jacht\u00e1rsky servis - Newera Yachting","isPartOf":{"@id":"https:\/\/www.newera-yachting.com\/sk\/#website"},"datePublished":"2025-05-29T13:16:51+00:00","dateModified":"2025-11-17T12:02:37+00:00","breadcrumb":{"@id":"https:\/\/www.newera-yachting.com\/sk\/jachtarsky-servis\/#breadcrumb"},"inLanguage":"sk-SK","potentialAction":[{"@type":"ReadAction","target":["https:\/\/www.newera-yachting.com\/sk\/jachtarsky-servis\/"]}]},{"@type":"BreadcrumbList","@id":"https:\/\/www.newera-yachting.com\/sk\/jachtarsky-servis\/#breadcrumb","itemListElement":[{"@type":"ListItem","position":1,"name":"Home","item":"https:\/\/www.newera-yachting.com\/sk\/"},{"@type":"ListItem","position":2,"name":"Jacht\u00e1rsky servis"}]},{"@type":"WebSite","@id":"https:\/\/www.newera-yachting.com\/sk\/#website","url":"https:\/\/www.newera-yachting.com\/sk\/","name":"Newera Yachting","description":"Official dealer for Saxdor in Adriatic region","publisher":{"@id":"https:\/\/www.newera-yachting.com\/sk\/#organization"},"potentialAction":[{"@type":"SearchAction","target":{"@type":"EntryPoint","urlTemplate":"https:\/\/www.newera-yachting.com\/sk\/?s={search_term_string}"},"query-input":{"@type":"PropertyValueSpecification","valueRequired":true,"valueName":"search_term_string"}}],"inLanguage":"sk-SK"},{"@type":"Organization","@id":"https:\/\/www.newera-yachting.com\/sk\/#organization","name":"Newera Yachting","url":"https:\/\/www.newera-yachting.com\/sk\/","logo":{"@type":"ImageObject","inLanguage":"sk-SK","@id":"https:\/\/www.newera-yachting.com\/sk\/#\/schema\/logo\/image\/","url":"https:\/\/www.newera-yachting.com\/wp-content\/uploads\/2025\/04\/newera.svg","contentUrl":"https:\/\/www.newera-yachting.com\/wp-content\/uploads\/2025\/04\/newera.svg","width":1,"height":1,"caption":"Newera Yachting"},"image":{"@id":"https:\/\/www.newera-yachting.com\/sk\/#\/schema\/logo\/image\/"},"sameAs":["https:\/\/www.facebook.com\/newera.yachting"]}]}},"_links":{"self":[{"href":"https:\/\/www.newera-yachting.com\/sk\/wp-json\/wp\/v2\/pages\/18605","targetHints":{"allow":["GET"]}}],"collection":[{"href":"https:\/\/www.newera-yachting.com\/sk\/wp-json\/wp\/v2\/pages"}],"about":[{"href":"https:\/\/www.newera-yachting.com\/sk\/wp-json\/wp\/v2\/types\/page"}],"author":[{"embeddable":true,"href":"https:\/\/www.newera-yachting.com\/sk\/wp-json\/wp\/v2\/users\/2"}],"replies":[{"embeddable":true,"href":"https:\/\/www.newera-yachting.com\/sk\/wp-json\/wp\/v2\/comments?post=18605"}],"version-history":[{"count":14,"href":"https:\/\/www.newera-yachting.com\/sk\/wp-json\/wp\/v2\/pages\/18605\/revisions"}],"predecessor-version":[{"id":19777,"href":"https:\/\/www.newera-yachting.com\/sk\/wp-json\/wp\/v2\/pages\/18605\/revisions\/19777"}],"wp:attachment":[{"href":"https:\/\/www.newera-yachting.com\/sk\/wp-json\/wp\/v2\/media?parent=18605"}],"curies":[{"name":"wp","href":"https:\/\/api.w.org\/{rel}","templated":true}]}}