{"id":18580,"date":"2025-05-16T09:22:19","date_gmt":"2025-05-16T07:22:19","guid":{"rendered":"https:\/\/www.newera-yachting.com\/charterkezeles\/"},"modified":"2025-11-25T13:29:25","modified_gmt":"2025-11-25T12:29:25","slug":"charterkezeles","status":"publish","type":"page","link":"https:\/\/www.newera-yachting.com\/hu\/charterkezeles\/","title":{"rendered":"B\u00e9relhet\u0151 haj\u00f3k kezel\u00e9se &#8211; Charter Management"},"content":{"rendered":"<div class=\"wpb-content-wrapper\"><p>[vc_row full_width_css=&#8221;stretch_row_content_no_spaces_css&#8221; full_height=&#8221;yes&#8221; columns_placement=&#8221;bottom&#8221; conditional_render=&#8221;%5B%7B%22value_role%22%3A%22administrator%22%7D%5D&#8221; css=&#8221;.vc_custom_1747225481801{margin-top: 0px !important;background-image: url(https:\/\/www.newera-yachting.com\/wp-content\/uploads\/2025\/05\/Web-501682.jpg?id=5903) !important;background-position: center !important;background-repeat: no-repeat !important;background-size: cover !important;}&#8221; el_class=&#8221;product_hero&#8221;][vc_column][vc_row_inner wrap_container=&#8221;yes&#8221;][vc_column_inner css=&#8221;.vc_custom_1743066674826{margin-bottom: 50px !important;}&#8221;][vc_custom_heading text=&#8221;B\u00e9relhet\u0151 haj\u00f3k kezel\u00e9se&#8221; font_container=&#8221;tag:h2|font_size:20|text_align:left|color:%23ffffff&#8221; use_theme_fonts=&#8221;yes&#8221; css=&#8221;.vc_custom_1746795581449{margin-bottom: 20px !important;}&#8221; font_weight=&#8221;700&#8243;][vc_custom_heading text=&#8221;A haj\u00f3d dolgozzon neked&#8221; font_container=&#8221;tag:h1|font_size:88|text_align:left|color:%23ffffff&#8221; use_theme_fonts=&#8221;yes&#8221; font_weight=&#8221;600&#8243;][\/vc_column_inner][\/vc_row_inner][\/vc_column][\/vc_row][vc_row full_width_css=&#8221;stretch_row_content_no_spaces_css&#8221; conditional_render=&#8221;%5B%7B%22value_role%22%3A%22administrator%22%7D%5D&#8221; el_class=&#8221;mix_mobile_pading&#8221; css=&#8221;.vc_custom_1743067173302{padding-top: 150px !important;padding-bottom: 150px !important;}&#8221;][vc_column][vc_row_inner wrap_container=&#8221;yes&#8221;][vc_column_inner][vc_custom_heading text=&#8221;Gondtalan b\u00e9rl\u00e9s&#8221; font_container=&#8221;tag:h1|font_size:48|text_align:left|color:%2314233d&#8221; use_theme_fonts=&#8221;yes&#8221; css=&#8221;.vc_custom_1747225622937{margin-bottom: 30px !important;}&#8221; font_weight=&#8221;600&#8243;][vc_column_text text_color=&#8221;#333333&#8243; text_typography=&#8221;{&#8222;family&#8222;:&#8222;Default&#8222;,&#8222;variant&#8222;:&#8222;regular&#8222;,&#8222;font_size&#8222;:&#8222;15px&#8222;,&#8222;line_height&#8222;:&#8222;26px&#8222;,&#8222;letter_spacing&#8222;:&#8222;&#8222;,&#8222;text_transform&#8222;:&#8222;&#8222;}&#8221;]<\/p>\n<div class=\"fl-module fl-module-rich-text fl-node-d42f8u5rjhgk\" data-node=\"d42f8u5rjhgk\">\n<div class=\"fl-module-content fl-node-content\">\n<div class=\"fl-rich-text\">\n<p class=\"\" data-start=\"97\" data-end=\"340\">A <strong data-start=\"100\" data-end=\"119\">Newera Yachtingn\u00e1l <\/strong>tiszt\u00e1ban vagyunk azzal, hogy egy haj\u00f3 megv\u00e1s\u00e1rl\u00e1sa komoly d\u00f6nt\u00e9s. \u00c9ppen ez\u00e9rt \u00e1tfog\u00f3 <strong data-start=\"211\" data-end=\"233\">Charter Management <\/strong>szolg\u00e1ltat\u00e1st k\u00edn\u00e1lunk, amely a Saxdor tulajdonosok sz\u00e1m\u00e1ra lehet\u0151v\u00e9 teszi, hogy ne csak \u00e9lvezz\u00e9k befektet\u00e9s\u00fcket, hanem bev\u00e9telt is termeljenek vele. <\/p>\n<p class=\"\" data-start=\"342\" data-end=\"588\">Gondosan kialak\u00edtott charter menedzsment rendszer\u00fcnkkel jachtodat az Adriai-tenger partvid\u00e9k\u00e9n tal\u00e1lhat\u00f3 kik\u00f6t\u0151k egyik\u00e9ben adhatod b\u00e9rbe, mik\u00f6zben mi teljes k\u00f6r\u0171en ondoskodunk mindenr\u0151l \u2013 a marketingt\u0151l \u00e9s a foglal\u00e1sok kezel\u00e9s\u00e9t\u0151l kezdve a karbantart\u00e1son \u00e9s a szezon el\u0151tti el\u0151k\u00e9sz\u00fcleteken \u00e1t. \u00cdgy te \u00e9lvezheted befektet\u00e9sed el\u0151nyeit \u00e9s az bev\u00e9telt is termel sz\u00e1modra.<\/p>\n<h4 class=\"\" data-start=\"590\" data-end=\"632\">Mi\u00e9rt v\u00e1lassza a Newera Charter Management-et?<\/h4>\n<ul data-start=\"634\" data-end=\"1455\">\n<li class=\"\" data-start=\"634\" data-end=\"795\">\n<p class=\"\" data-start=\"636\" data-end=\"795\"><strong data-start=\"636\" data-end=\"657\">Kieg\u00e9sz\u00edt\u0151 j\u00f6vedelem<\/strong>: Haszn\u00e1lja haj\u00f3j\u00e1t nyaral\u00e1sra, a fennmarad\u00f3 id\u0151ben pedig adja b\u00e9rbe, hogy fedezze a kik\u00f6t\u0151i d\u00edjakat, a karbantart\u00e1si k\u00f6lts\u00e9geket, s\u0151t ak\u00e1r nyeres\u00e9get is termeljen.<\/p>\n<\/li>\n<li class=\"\" data-start=\"797\" data-end=\"909\">\n<p class=\"\" data-start=\"799\" data-end=\"909\"><strong data-start=\"799\" data-end=\"815\">Ad\u00f3z\u00e1si el\u0151ny\u00f6k:<\/strong> Lehet\u0151s\u00e9g ny\u00edlik arra, hogy a haj\u00f3t a v\u00e1llalaton kereszt\u00fcl v\u00e1s\u00e1rl\u00e1s\u00e1rold \u00e9s optimaliz\u00e1ld ad\u00f3k\u00f6telezetts\u00e9geidet.<\/p>\n<\/li>\n<li class=\"\" data-start=\"911\" data-end=\"1032\">\n<p class=\"\" data-start=\"913\" data-end=\"1032\"><strong data-start=\"913\" data-end=\"937\">Teljes k\u00f6r\u0171 t\u00e1mogat\u00e1s:<\/strong> Tapasztalt csapatunk teljes k\u00f6r\u0171 m\u0171szaki t\u00e1mogat\u00e1st, rendszeres karbantart\u00e1st \u00e9s szervizel\u00e9st biztos\u00edt.<\/p>\n<\/li>\n<li class=\"\" data-start=\"1034\" data-end=\"1209\">\n<p class=\"\" data-start=\"1036\" data-end=\"1209\"><a href=\"https:\/\/www.newera-charter.com\/\"><strong data-start=\"1094\" data-end=\"1112\">Newera Charter<\/strong><\/a><\/p>\n<\/li>\n<li class=\"\" data-start=\"1211\" data-end=\"1343\">\n<p class=\"\" data-start=\"1213\" data-end=\"1343\"><strong data-start=\"1213\" data-end=\"1234\">Rugalmas helysz\u00edn<\/strong>: B\u00e9relje haj\u00f3j\u00e1t b\u00e1rhol, ahol szeretn\u00e9, \u00e9s mi egyeztet\u00fcnk a helyi partnerekkel, akik m\u00e1r biztos\u00edtott kik\u00f6t\u0151helyeket k\u00edn\u00e1lnak.<\/p>\n<\/li>\n<li class=\"\" data-start=\"1345\" data-end=\"1455\">\n<p class=\"\" data-start=\"1347\" data-end=\"1455\"><strong data-start=\"1347\" data-end=\"1375\">\u00c1tl\u00e1that\u00f3s\u00e1g \u00e9s ir\u00e1ny\u00edt\u00e1s<\/strong>: Teljes hozz\u00e1f\u00e9r\u00e9st kap a foglal\u00e1si napt\u00e1rakhoz, a bev\u00e9teli jelent\u00e9sekhez \u00e9s a haj\u00f3 \u00e1llapot\u00e1hoz.<\/p>\n<\/li>\n<\/ul>\n<p class=\"\" data-start=\"1457\" data-end=\"1573\">A c\u00e9lunk egyszer\u0171: pr\u00e9mium \u00e9lm\u00e9nyt ny\u00fajtunk vend\u00e9geinknek, \u00d6nnek pedig gondtalan, j\u00f6vedelmez\u0151 haj\u00f3tulajdonl\u00e1st biztos\u00edtunk.<\/p>\n<h4 data-start=\"157\" data-end=\"194\">\u00c9rdekli a charter menedzsment?<\/h4>\n<p class=\"\" data-start=\"196\" data-end=\"376\">Alak\u00edtsuk haj\u00f3j\u00e1t okos befektet\u00e9ss\u00e9. Legyen \u00d6n \u00faj tulajdonos vagy m\u00e1r a Saxdor csal\u00e1d r\u00e9sze, mi itt vagyunk, hogy seg\u00edts\u00fcnk \u00d6nnek a legt\u00f6bbet kihozni haj\u00f3j\u00e1b\u00f3l \u2013 gondtalanul. <\/p>\n<p class=\"\" data-start=\"378\" data-end=\"480\"><strong data-start=\"378\" data-end=\"398\">L\u00e9pjen kapcsolatba vel\u00fcnk m\u00e9g ma<\/strong>, \u00e9s fedezze fel, milyen egyszer\u0171 \u00e9s j\u00f6vedelmez\u0151 lehet a haj\u00f3tulajdonl\u00e1s a Newera Yachtinggal.<\/p>\n<p class=\"\" data-start=\"482\" data-end=\"694\"><strong data-start=\"485\" data-end=\"494\">Telefon<\/strong> : +386 41 699 325 <br data-start=\"511\" data-end=\"514\"><strong data-start=\"517\" data-end=\"526\">Email<\/strong> : <a class=\"cursor-pointer\" href=\"mailto:bostjan@newera-yachting.com\" rel=\"noopener\" data-start=\"528\" data-end=\"551\">bostjan@newera-yachting.com<\/a><\/p>\n<\/div>\n<\/div>\n<\/div>\n<p>[\/vc_column_text][\/vc_column_inner][\/vc_row_inner][\/vc_column][\/vc_row][vc_row full_width_css=&#8221;stretch_row_content_no_spaces_css&#8221; full_height=&#8221;yes&#8221; columns_placement=&#8221;bottom&#8221; video_bg=&#8221;yes&#8221; video_bg_url=&#8221;https:\/\/www.youtube.com\/watch?v=J3xBs9tASmM&amp;list=PL9uUUGE_-qzXoMId2L_bz_E7XfdTy2TDC&amp;index=22&#8243; conditional_render=&#8221;%5B%7B%22value_role%22%3A%22administrator%22%7D%5D&#8221; css=&#8221;.vc_custom_1747225904183{margin-top: 0px !important;background-position: center !important;background-repeat: no-repeat !important;background-size: cover !important;}&#8221;][vc_column][\/vc_column][\/vc_row]<\/p>\n<\/div>","protected":false},"excerpt":{"rendered":"<p>[vc_row full_width_css=&#8221;stretch_row_content_no_spaces_css&#8221; full_height=&#8221;yes&#8221; columns_placement=&#8221;bottom&#8221; conditional_render=&#8221;%5B%7B%22value_role%22%3A%22administrator%22%7D%5D&#8221; css=&#8221;.vc_custom_1747225481801{margin-top: 0px !important;background-image: url(https:\/\/www.newera-yachting.com\/wp-content\/uploads\/2025\/05\/Web-501682.jpg?id=5903) !important;background-position: center !important;background-repeat: no-repeat !important;background-size: cover !important;}&#8221; el_class=&#8221;product_hero&#8221;][vc_column][vc_row_inner wrap_container=&#8221;yes&#8221;][vc_column_inner css=&#8221;.vc_custom_1743066674826{margin-bottom: 50px !important;}&#8221;][vc_custom_heading text=&#8221;B\u00e9relhet\u0151 haj\u00f3k kezel\u00e9se&#8221; font_container=&#8221;tag:h2|font_size:20|text_align:left|color:%23ffffff&#8221; use_theme_fonts=&#8221;yes&#8221; css=&#8221;.vc_custom_1746795581449{margin-bottom: 20px !important;}&#8221; font_weight=&#8221;700&#8243;][vc_custom_heading text=&#8221;A haj\u00f3d dolgozzon neked&#8221; font_container=&#8221;tag:h1|font_size:88|text_align:left|color:%23ffffff&#8221; use_theme_fonts=&#8221;yes&#8221; font_weight=&#8221;600&#8243;][\/vc_column_inner][\/vc_row_inner][\/vc_column][\/vc_row][vc_row full_width_css=&#8221;stretch_row_content_no_spaces_css&#8221; conditional_render=&#8221;%5B%7B%22value_role%22%3A%22administrator%22%7D%5D&#8221; el_class=&#8221;mix_mobile_pading&#8221; css=&#8221;.vc_custom_1743067173302{padding-top: 150px !important;padding-bottom: 150px !important;}&#8221;][vc_column][vc_row_inner wrap_container=&#8221;yes&#8221;][vc_column_inner][vc_custom_heading text=&#8221;Gondtalan b\u00e9rl\u00e9s&#8221; font_container=&#8221;tag:h1|font_size:48|text_align:left|color:%2314233d&#8221; use_theme_fonts=&#8221;yes&#8221; css=&#8221;.vc_custom_1747225622937{margin-bottom: 30px !important;}&#8221; font_weight=&#8221;600&#8243;][vc_column_text text_color=&#8221;#333333&#8243; [&hellip;]<\/p>\n","protected":false},"author":2,"featured_media":0,"parent":0,"menu_order":0,"comment_status":"closed","ping_status":"closed","template":"","meta":{"_acf_changed":false,"footnotes":""},"class_list":["post-18580","page","type-page","status-publish","hentry"],"acf":[],"yoast_head":"<!-- This site is optimized with the Yoast SEO plugin v25.8 - https:\/\/yoast.com\/wordpress\/plugins\/seo\/ -->\n<title>B\u00e9relhet\u0151 haj\u00f3k kezel\u00e9se - Charter Management - Newera Yachting<\/title>\n<meta name=\"robots\" content=\"index, follow, max-snippet:-1, max-image-preview:large, max-video-preview:-1\" \/>\n<link rel=\"canonical\" href=\"https:\/\/www.newera-yachting.com\/hu\/charterkezeles\/\" \/>\n<meta property=\"og:locale\" content=\"hu_HU\" \/>\n<meta property=\"og:type\" content=\"article\" \/>\n<meta property=\"og:title\" content=\"B\u00e9relhet\u0151 haj\u00f3k kezel\u00e9se - Charter Management - Newera Yachting\" \/>\n<meta property=\"og:description\" content=\"[vc_row full_width_css=&#8221;stretch_row_content_no_spaces_css&#8221; full_height=&#8221;yes&#8221; columns_placement=&#8221;bottom&#8221; conditional_render=&#8221;%5B%7B%22value_role%22%3A%22administrator%22%7D%5D&#8221; css=&#8221;.vc_custom_1747225481801{margin-top: 0px !important;background-image: url(https:\/\/www.newera-yachting.com\/wp-content\/uploads\/2025\/05\/Web-501682.jpg?id=5903) !important;background-position: center !important;background-repeat: no-repeat !important;background-size: cover !important;}&#8221; el_class=&#8221;product_hero&#8221;][vc_column][vc_row_inner wrap_container=&#8221;yes&#8221;][vc_column_inner css=&#8221;.vc_custom_1743066674826{margin-bottom: 50px !important;}&#8221;][vc_custom_heading text=&#8221;B\u00e9relhet\u0151 haj\u00f3k kezel\u00e9se&#8221; font_container=&#8221;tag:h2|font_size:20|text_align:left|color:%23ffffff&#8221; use_theme_fonts=&#8221;yes&#8221; css=&#8221;.vc_custom_1746795581449{margin-bottom: 20px !important;}&#8221; font_weight=&#8221;700&#8243;][vc_custom_heading text=&#8221;A haj\u00f3d dolgozzon neked&#8221; font_container=&#8221;tag:h1|font_size:88|text_align:left|color:%23ffffff&#8221; use_theme_fonts=&#8221;yes&#8221; font_weight=&#8221;600&#8243;][\/vc_column_inner][\/vc_row_inner][\/vc_column][\/vc_row][vc_row full_width_css=&#8221;stretch_row_content_no_spaces_css&#8221; conditional_render=&#8221;%5B%7B%22value_role%22%3A%22administrator%22%7D%5D&#8221; el_class=&#8221;mix_mobile_pading&#8221; css=&#8221;.vc_custom_1743067173302{padding-top: 150px !important;padding-bottom: 150px !important;}&#8221;][vc_column][vc_row_inner wrap_container=&#8221;yes&#8221;][vc_column_inner][vc_custom_heading text=&#8221;Gondtalan b\u00e9rl\u00e9s&#8221; font_container=&#8221;tag:h1|font_size:48|text_align:left|color:%2314233d&#8221; use_theme_fonts=&#8221;yes&#8221; css=&#8221;.vc_custom_1747225622937{margin-bottom: 30px !important;}&#8221; font_weight=&#8221;600&#8243;][vc_column_text text_color=&#8221;#333333&#8243; [&hellip;]\" \/>\n<meta property=\"og:url\" content=\"https:\/\/www.newera-yachting.com\/hu\/charterkezeles\/\" \/>\n<meta property=\"og:site_name\" content=\"Newera Yachting\" \/>\n<meta property=\"article:publisher\" content=\"https:\/\/www.facebook.com\/newera.yachting\" \/>\n<meta property=\"article:modified_time\" content=\"2025-11-25T12:29:25+00:00\" \/>\n<meta name=\"twitter:card\" content=\"summary_large_image\" \/>\n<meta name=\"twitter:label1\" content=\"Becs\u00fclt olvas\u00e1si id\u0151\" \/>\n\t<meta name=\"twitter:data1\" content=\"4 perc\" \/>\n<script type=\"application\/ld+json\" class=\"yoast-schema-graph\">{\"@context\":\"https:\/\/schema.org\",\"@graph\":[{\"@type\":\"WebPage\",\"@id\":\"https:\/\/www.newera-yachting.com\/hu\/charterkezeles\/\",\"url\":\"https:\/\/www.newera-yachting.com\/hu\/charterkezeles\/\",\"name\":\"B\u00e9relhet\u0151 haj\u00f3k kezel\u00e9se - Charter Management - Newera Yachting\",\"isPartOf\":{\"@id\":\"https:\/\/www.newera-yachting.com\/hu\/#website\"},\"datePublished\":\"2025-05-16T07:22:19+00:00\",\"dateModified\":\"2025-11-25T12:29:25+00:00\",\"breadcrumb\":{\"@id\":\"https:\/\/www.newera-yachting.com\/hu\/charterkezeles\/#breadcrumb\"},\"inLanguage\":\"hu\",\"potentialAction\":[{\"@type\":\"ReadAction\",\"target\":[\"https:\/\/www.newera-yachting.com\/hu\/charterkezeles\/\"]}]},{\"@type\":\"BreadcrumbList\",\"@id\":\"https:\/\/www.newera-yachting.com\/hu\/charterkezeles\/#breadcrumb\",\"itemListElement\":[{\"@type\":\"ListItem\",\"position\":1,\"name\":\"Home\",\"item\":\"https:\/\/www.newera-yachting.com\/hu\/\"},{\"@type\":\"ListItem\",\"position\":2,\"name\":\"B\u00e9relhet\u0151 haj\u00f3k kezel\u00e9se &#8211; Charter Management\"}]},{\"@type\":\"WebSite\",\"@id\":\"https:\/\/www.newera-yachting.com\/hu\/#website\",\"url\":\"https:\/\/www.newera-yachting.com\/hu\/\",\"name\":\"Newera Yachting\",\"description\":\"Official dealer for Saxdor in Adriatic region\",\"publisher\":{\"@id\":\"https:\/\/www.newera-yachting.com\/hu\/#organization\"},\"potentialAction\":[{\"@type\":\"SearchAction\",\"target\":{\"@type\":\"EntryPoint\",\"urlTemplate\":\"https:\/\/www.newera-yachting.com\/hu\/?s={search_term_string}\"},\"query-input\":{\"@type\":\"PropertyValueSpecification\",\"valueRequired\":true,\"valueName\":\"search_term_string\"}}],\"inLanguage\":\"hu\"},{\"@type\":\"Organization\",\"@id\":\"https:\/\/www.newera-yachting.com\/hu\/#organization\",\"name\":\"Newera Yachting\",\"url\":\"https:\/\/www.newera-yachting.com\/hu\/\",\"logo\":{\"@type\":\"ImageObject\",\"inLanguage\":\"hu\",\"@id\":\"https:\/\/www.newera-yachting.com\/hu\/#\/schema\/logo\/image\/\",\"url\":\"https:\/\/www.newera-yachting.com\/wp-content\/uploads\/2025\/04\/newera.svg\",\"contentUrl\":\"https:\/\/www.newera-yachting.com\/wp-content\/uploads\/2025\/04\/newera.svg\",\"width\":1,\"height\":1,\"caption\":\"Newera Yachting\"},\"image\":{\"@id\":\"https:\/\/www.newera-yachting.com\/hu\/#\/schema\/logo\/image\/\"},\"sameAs\":[\"https:\/\/www.facebook.com\/newera.yachting\"]}]}<\/script>\n<!-- \/ Yoast SEO plugin. -->","yoast_head_json":{"title":"B\u00e9relhet\u0151 haj\u00f3k kezel\u00e9se - Charter Management - Newera Yachting","robots":{"index":"index","follow":"follow","max-snippet":"max-snippet:-1","max-image-preview":"max-image-preview:large","max-video-preview":"max-video-preview:-1"},"canonical":"https:\/\/www.newera-yachting.com\/hu\/charterkezeles\/","og_locale":"hu_HU","og_type":"article","og_title":"B\u00e9relhet\u0151 haj\u00f3k kezel\u00e9se - Charter Management - Newera Yachting","og_description":"[vc_row full_width_css=&#8221;stretch_row_content_no_spaces_css&#8221; full_height=&#8221;yes&#8221; columns_placement=&#8221;bottom&#8221; conditional_render=&#8221;%5B%7B%22value_role%22%3A%22administrator%22%7D%5D&#8221; css=&#8221;.vc_custom_1747225481801{margin-top: 0px !important;background-image: url(https:\/\/www.newera-yachting.com\/wp-content\/uploads\/2025\/05\/Web-501682.jpg?id=5903) !important;background-position: center !important;background-repeat: no-repeat !important;background-size: cover !important;}&#8221; el_class=&#8221;product_hero&#8221;][vc_column][vc_row_inner wrap_container=&#8221;yes&#8221;][vc_column_inner css=&#8221;.vc_custom_1743066674826{margin-bottom: 50px !important;}&#8221;][vc_custom_heading text=&#8221;B\u00e9relhet\u0151 haj\u00f3k kezel\u00e9se&#8221; font_container=&#8221;tag:h2|font_size:20|text_align:left|color:%23ffffff&#8221; use_theme_fonts=&#8221;yes&#8221; css=&#8221;.vc_custom_1746795581449{margin-bottom: 20px !important;}&#8221; font_weight=&#8221;700&#8243;][vc_custom_heading text=&#8221;A haj\u00f3d dolgozzon neked&#8221; font_container=&#8221;tag:h1|font_size:88|text_align:left|color:%23ffffff&#8221; use_theme_fonts=&#8221;yes&#8221; font_weight=&#8221;600&#8243;][\/vc_column_inner][\/vc_row_inner][\/vc_column][\/vc_row][vc_row full_width_css=&#8221;stretch_row_content_no_spaces_css&#8221; conditional_render=&#8221;%5B%7B%22value_role%22%3A%22administrator%22%7D%5D&#8221; el_class=&#8221;mix_mobile_pading&#8221; css=&#8221;.vc_custom_1743067173302{padding-top: 150px !important;padding-bottom: 150px !important;}&#8221;][vc_column][vc_row_inner wrap_container=&#8221;yes&#8221;][vc_column_inner][vc_custom_heading text=&#8221;Gondtalan b\u00e9rl\u00e9s&#8221; font_container=&#8221;tag:h1|font_size:48|text_align:left|color:%2314233d&#8221; use_theme_fonts=&#8221;yes&#8221; css=&#8221;.vc_custom_1747225622937{margin-bottom: 30px !important;}&#8221; font_weight=&#8221;600&#8243;][vc_column_text text_color=&#8221;#333333&#8243; [&hellip;]","og_url":"https:\/\/www.newera-yachting.com\/hu\/charterkezeles\/","og_site_name":"Newera Yachting","article_publisher":"https:\/\/www.facebook.com\/newera.yachting","article_modified_time":"2025-11-25T12:29:25+00:00","twitter_card":"summary_large_image","twitter_misc":{"Becs\u00fclt olvas\u00e1si id\u0151":"4 perc"},"schema":{"@context":"https:\/\/schema.org","@graph":[{"@type":"WebPage","@id":"https:\/\/www.newera-yachting.com\/hu\/charterkezeles\/","url":"https:\/\/www.newera-yachting.com\/hu\/charterkezeles\/","name":"B\u00e9relhet\u0151 haj\u00f3k kezel\u00e9se - Charter Management - Newera Yachting","isPartOf":{"@id":"https:\/\/www.newera-yachting.com\/hu\/#website"},"datePublished":"2025-05-16T07:22:19+00:00","dateModified":"2025-11-25T12:29:25+00:00","breadcrumb":{"@id":"https:\/\/www.newera-yachting.com\/hu\/charterkezeles\/#breadcrumb"},"inLanguage":"hu","potentialAction":[{"@type":"ReadAction","target":["https:\/\/www.newera-yachting.com\/hu\/charterkezeles\/"]}]},{"@type":"BreadcrumbList","@id":"https:\/\/www.newera-yachting.com\/hu\/charterkezeles\/#breadcrumb","itemListElement":[{"@type":"ListItem","position":1,"name":"Home","item":"https:\/\/www.newera-yachting.com\/hu\/"},{"@type":"ListItem","position":2,"name":"B\u00e9relhet\u0151 haj\u00f3k kezel\u00e9se &#8211; Charter Management"}]},{"@type":"WebSite","@id":"https:\/\/www.newera-yachting.com\/hu\/#website","url":"https:\/\/www.newera-yachting.com\/hu\/","name":"Newera Yachting","description":"Official dealer for Saxdor in Adriatic region","publisher":{"@id":"https:\/\/www.newera-yachting.com\/hu\/#organization"},"potentialAction":[{"@type":"SearchAction","target":{"@type":"EntryPoint","urlTemplate":"https:\/\/www.newera-yachting.com\/hu\/?s={search_term_string}"},"query-input":{"@type":"PropertyValueSpecification","valueRequired":true,"valueName":"search_term_string"}}],"inLanguage":"hu"},{"@type":"Organization","@id":"https:\/\/www.newera-yachting.com\/hu\/#organization","name":"Newera Yachting","url":"https:\/\/www.newera-yachting.com\/hu\/","logo":{"@type":"ImageObject","inLanguage":"hu","@id":"https:\/\/www.newera-yachting.com\/hu\/#\/schema\/logo\/image\/","url":"https:\/\/www.newera-yachting.com\/wp-content\/uploads\/2025\/04\/newera.svg","contentUrl":"https:\/\/www.newera-yachting.com\/wp-content\/uploads\/2025\/04\/newera.svg","width":1,"height":1,"caption":"Newera Yachting"},"image":{"@id":"https:\/\/www.newera-yachting.com\/hu\/#\/schema\/logo\/image\/"},"sameAs":["https:\/\/www.facebook.com\/newera.yachting"]}]}},"_links":{"self":[{"href":"https:\/\/www.newera-yachting.com\/hu\/wp-json\/wp\/v2\/pages\/18580","targetHints":{"allow":["GET"]}}],"collection":[{"href":"https:\/\/www.newera-yachting.com\/hu\/wp-json\/wp\/v2\/pages"}],"about":[{"href":"https:\/\/www.newera-yachting.com\/hu\/wp-json\/wp\/v2\/types\/page"}],"author":[{"embeddable":true,"href":"https:\/\/www.newera-yachting.com\/hu\/wp-json\/wp\/v2\/users\/2"}],"replies":[{"embeddable":true,"href":"https:\/\/www.newera-yachting.com\/hu\/wp-json\/wp\/v2\/comments?post=18580"}],"version-history":[{"count":12,"href":"https:\/\/www.newera-yachting.com\/hu\/wp-json\/wp\/v2\/pages\/18580\/revisions"}],"predecessor-version":[{"id":19922,"href":"https:\/\/www.newera-yachting.com\/hu\/wp-json\/wp\/v2\/pages\/18580\/revisions\/19922"}],"wp:attachment":[{"href":"https:\/\/www.newera-yachting.com\/hu\/wp-json\/wp\/v2\/media?parent=18580"}],"curies":[{"name":"wp","href":"https:\/\/api.w.org\/{rel}","templated":true}]}}