{"id":18636,"date":"2025-05-16T09:22:19","date_gmt":"2025-05-16T07:22:19","guid":{"rendered":"https:\/\/www.newera-yachting.com\/chartermanagement\/"},"modified":"2025-11-05T14:33:30","modified_gmt":"2025-11-05T13:33:30","slug":"chartermanagement","status":"publish","type":"page","link":"https:\/\/www.newera-yachting.com\/de\/chartermanagement\/","title":{"rendered":"Chartermanagement"},"content":{"rendered":"<div class=\"wpb-content-wrapper\"><p>[vc_row full_width_css=&#8220;stretch_row_content_no_spaces_css&#8220; full_height=&#8220;yes&#8220; columns_placement=&#8220;bottom&#8220; conditional_render=&#8220;%5B%7B%22value_role%22%3A%22administrator%22%7D%5D&#8220; css=&#8220;.vc_custom_1747225481801{margin-top: 0px !important;background-image: url(https:\/\/www.newera-yachting.com\/wp-content\/uploads\/2025\/05\/Web-501682.jpg?id=5903) !important;background-position: center !important;background-repeat: no-repeat !important;background-size: cover !important;}&#8220; el_class=&#8220;product_hero&#8220;][vc_column][vc_row_inner wrap_container=&#8220;yes&#8220;][vc_column_inner css=&#8220;.vc_custom_1743066674826{margin-bottom: 50px !important;}&#8220;][vc_custom_heading text=&#8220;Ihr Partner f\u00fcr Charter &#8211; Management&#8220; font_container=&#8220;tag:h2|font_size:20|text_align:left|color:%23ffffff&#8220; use_theme_fonts=&#8220;yes&#8220; css=&#8220;.vc_custom_1746795581449{margin-bottom: 20px !important;}&#8220; font_weight=&#8220;700&#8243;][vc_custom_heading text=&#8220;Ihr Boot \u2013 Ihr Vorteil&#8220; font_container=&#8220;tag:h1|font_size:88|text_align:left|color:%23ffffff&#8220; use_theme_fonts=&#8220;yes&#8220; font_weight=&#8220;600&#8243;][\/vc_column_inner][\/vc_row_inner][\/vc_column][\/vc_row][vc_row full_width_css=&#8220;stretch_row_content_no_spaces_css&#8220; conditional_render=&#8220;%5B%7B%22value_role%22%3A%22administrator%22%7D%5D&#8220; el_class=&#8220;mix_mobile_pading&#8220; css=&#8220;.vc_custom_1743067173302{padding-top: 150px !important;padding-bottom: 150px !important;}&#8220;][vc_column][vc_row_inner wrap_container=&#8220;yes&#8220;][vc_column_inner][vc_custom_heading text=&#8220;Rundum sorgloses Chartern&#8220; font_container=&#8220;tag:h1|font_size:48|text_align:left|color:%2314233d&#8220; use_theme_fonts=&#8220;yes&#8220; css=&#8220;.vc_custom_1747225622937{margin-bottom: 30px !important;}&#8220; font_weight=&#8220;600&#8243;][vc_column_text text_color=&#8220;#333333&#8243; text_typography=&#8220;{&#8222;family&#8222;:&#8222;Default&#8222;,&#8222;variant&#8222;:&#8222;regular&#8222;,&#8222;font_size&#8222;:&#8222;15px&#8222;,&#8222;line_height&#8222;:&#8222;26px&#8222;,&#8222;letter_spacing&#8222;:&#8222;&#8222;,&#8222;text_transform&#8222;:&#8222;&#8222;}&#8220;]<\/p>\n<div class=\"fl-module fl-module-rich-text fl-node-d42f8u5rjhgk\" data-node=\"d42f8u5rjhgk\">\n<div class=\"fl-module-content fl-node-content\">\n<div class=\"fl-rich-text\">\n<p class=\"\" data-start=\"97\" data-end=\"340\">Bei <strong data-start=\"100\" data-end=\"119\">Newera Yachting <\/strong>wissen wir, dass der Kauf eines Bootes eine bedeutende Entscheidung ist. Deshalb bieten wir einen umfassenden <strong data-start=\"211\" data-end=\"233\">Charter &#8211; Management Service<\/strong> an, der es Saxdor-Eignern erm\u00f6glicht, nicht nur ihr Investment zu genie\u00dfen, sondern damit auch Einkommen zu erzielen. <\/p>\n<p class=\"\" data-start=\"342\" data-end=\"588\">Mit unserem sorgf\u00e4ltig entwickelten Charter &#8211; Management System k\u00f6nnen Sie Ihr Boot in einer der zahlreichen Marinas an der Adriak\u00fcste vermieten, w\u00e4hrend wir uns um alles Weitere k\u00fcmmern \u2013 von Marketing und Buchungen bis hin zu Wartung und Vorbereitung vor der Saison.<\/p>\n<h4 class=\"\" data-start=\"590\" data-end=\"632\">Warum Sie Newera Charter Management w\u00e4hlen sollten<\/h4>\n<ul data-start=\"634\" data-end=\"1455\">\n<li class=\"\" data-start=\"634\" data-end=\"795\">\n<p class=\"\" data-start=\"636\" data-end=\"795\"><strong data-start=\"636\" data-end=\"657\">Extra Einkommen<\/strong>: Boot f\u00fcr den Urlaub nutzen, in der restlichen Zeit vermieten \u2013 Kosten decken und Gewinn erzielen.<\/p>\n<\/li>\n<li class=\"\" data-start=\"797\" data-end=\"909\">\n<p class=\"\" data-start=\"799\" data-end=\"909\"><strong data-start=\"799\" data-end=\"815\">Steuervorteile<\/strong>: M\u00f6glichkeit, das Boot \u00fcber Ihr Unternehmen zu erwerben und Ihre Steuerpflichten zu optimieren.<\/p>\n<\/li>\n<li class=\"\" data-start=\"911\" data-end=\"1032\">\n<p class=\"\" data-start=\"913\" data-end=\"1032\"><strong data-start=\"913\" data-end=\"937\">Rundum-Service<\/strong>: Unser erfahrenes Team bietet umfassende technische Unterst\u00fctzung, regelm\u00e4\u00dfige Wartung und Instandhaltung.<\/p>\n<\/li>\n<li class=\"\" data-start=\"1034\" data-end=\"1209\">\n<p class=\"\" data-start=\"1036\" data-end=\"1209\"><strong data-start=\"1036\" data-end=\"1060\">Mehr Sichtbarkeit:<\/strong> Ihr Boot auf der <a href=\"https:\/\/www.newera-charter.com\/\">Newera Charter Plattform<\/a> \u2013 verbunden mit Partner-Marinas und Charteranbietern entlang der Adria.<\/p>\n<\/li>\n<li class=\"\" data-start=\"1211\" data-end=\"1343\">\n<p class=\"\" data-start=\"1213\" data-end=\"1343\"><strong data-start=\"1213\" data-end=\"1234\">Flexibel chartern<\/strong>: Ihr Boot, Ihr Ort \u2013 wir k\u00fcmmern uns um den perfekten Liegeplatz.<\/p>\n<\/li>\n<li class=\"\" data-start=\"1345\" data-end=\"1455\">\n<p class=\"\" data-start=\"1347\" data-end=\"1455\"><strong data-start=\"1347\" data-end=\"1375\">Volle Transparenz<\/strong>: Alle Buchungen, Einnahmen und Bootsdaten jederzeit im Blick.<\/p>\n<\/li>\n<\/ul>\n<p class=\"\" data-start=\"1457\" data-end=\"1573\">Unser Ziel ist klar: Ihren G\u00e4sten ein Premium &#8211; Erlebnis bieten und Ihnen sorgenfreien, profitablen Bootsbesitz erm\u00f6glichen.<\/p>\n<h4 data-start=\"157\" data-end=\"194\">Interessiert an Chartermanagement?<\/h4>\n<p class=\"\" data-start=\"196\" data-end=\"376\">Machen Sie Ihr Boot zu einer cleveren Investition. Ob Sie neuer Eigent\u00fcmer sind oder bereits zur Saxdor-Familie geh\u00f6ren \u2013 wir helfen Ihnen, das Beste aus Ihrem Boot herauszuholen \u2013 ganz unkompliziert <\/p>\n<p class=\"\" data-start=\"378\" data-end=\"480\"><strong data-start=\"378\" data-end=\"398\">Kontaktieren Sie uns noch heute<\/strong> und entdecken Sie, wie einfach und profitabel Yachtbesitz mit Newera Yachting sein kann.<\/p>\n<p class=\"\" data-start=\"482\" data-end=\"694\"><strong data-start=\"485\" data-end=\"494\">Telefon<\/strong> : +386 41 699 325 <br data-start=\"511\" data-end=\"514\"><strong data-start=\"517\" data-end=\"526\">E-Mail<\/strong> : <a class=\"cursor-pointer\" href=\"mailto:bostjan@newera-yachting.com\" rel=\"noopener\" data-start=\"528\" data-end=\"551\">bostjan@newera-yachting.com<\/a><\/p>\n<\/div>\n<\/div>\n<\/div>\n<p>[\/vc_column_text][\/vc_column_inner][\/vc_row_inner][\/vc_column][\/vc_row][vc_row full_width_css=&#8220;stretch_row_content_no_spaces_css&#8220; full_height=&#8220;yes&#8220; columns_placement=&#8220;bottom&#8220; video_bg=&#8220;yes&#8220; video_bg_url=&#8220;https:\/\/www.youtube.com\/watch?v=J3xBs9tASmM&amp;list=PL9uUUGE_-qzXoMId2L_bz_E7XfdTy2TDC&amp;index=22&#8243; conditional_render=&#8220;%5B%7B%22value_role%22%3A%22administrator%22%7D%5D&#8220; css=&#8220;.vc_custom_1747225904183{margin-top: 0px !important;background-position: center !important;background-repeat: no-repeat !important;background-size: cover !important;}&#8220;][vc_column][\/vc_column][\/vc_row]<\/p>\n<\/div>","protected":false},"excerpt":{"rendered":"<p>[vc_row full_width_css=&#8220;stretch_row_content_no_spaces_css&#8220; full_height=&#8220;yes&#8220; columns_placement=&#8220;bottom&#8220; conditional_render=&#8220;%5B%7B%22value_role%22%3A%22administrator%22%7D%5D&#8220; css=&#8220;.vc_custom_1747225481801{margin-top: 0px !important;background-image: url(https:\/\/www.newera-yachting.com\/wp-content\/uploads\/2025\/05\/Web-501682.jpg?id=5903) !important;background-position: center !important;background-repeat: no-repeat !important;background-size: cover !important;}&#8220; el_class=&#8220;product_hero&#8220;][vc_column][vc_row_inner wrap_container=&#8220;yes&#8220;][vc_column_inner css=&#8220;.vc_custom_1743066674826{margin-bottom: 50px !important;}&#8220;][vc_custom_heading text=&#8220;Ihr Partner f\u00fcr Charter &#8211; Management&#8220; font_container=&#8220;tag:h2|font_size:20|text_align:left|color:%23ffffff&#8220; use_theme_fonts=&#8220;yes&#8220; css=&#8220;.vc_custom_1746795581449{margin-bottom: 20px !important;}&#8220; font_weight=&#8220;700&#8243;][vc_custom_heading text=&#8220;Ihr Boot \u2013 Ihr Vorteil&#8220; font_container=&#8220;tag:h1|font_size:88|text_align:left|color:%23ffffff&#8220; use_theme_fonts=&#8220;yes&#8220; font_weight=&#8220;600&#8243;][\/vc_column_inner][\/vc_row_inner][\/vc_column][\/vc_row][vc_row full_width_css=&#8220;stretch_row_content_no_spaces_css&#8220; conditional_render=&#8220;%5B%7B%22value_role%22%3A%22administrator%22%7D%5D&#8220; el_class=&#8220;mix_mobile_pading&#8220; css=&#8220;.vc_custom_1743067173302{padding-top: 150px !important;padding-bottom: 150px !important;}&#8220;][vc_column][vc_row_inner wrap_container=&#8220;yes&#8220;][vc_column_inner][vc_custom_heading text=&#8220;Rundum sorgloses Chartern&#8220; font_container=&#8220;tag:h1|font_size:48|text_align:left|color:%2314233d&#8220; use_theme_fonts=&#8220;yes&#8220; [&hellip;]<\/p>\n","protected":false},"author":2,"featured_media":0,"parent":0,"menu_order":0,"comment_status":"closed","ping_status":"closed","template":"","meta":{"_acf_changed":false,"footnotes":""},"class_list":["post-18636","page","type-page","status-publish","hentry"],"acf":[],"yoast_head":"<!-- This site is optimized with the Yoast SEO plugin v25.8 - https:\/\/yoast.com\/wordpress\/plugins\/seo\/ -->\n<title>Chartermanagement - Newera Yachting<\/title>\n<meta name=\"robots\" content=\"index, follow, max-snippet:-1, max-image-preview:large, max-video-preview:-1\" \/>\n<link rel=\"canonical\" href=\"https:\/\/www.newera-yachting.com\/de\/chartermanagement\/\" \/>\n<meta property=\"og:locale\" content=\"de_DE\" \/>\n<meta property=\"og:type\" content=\"article\" \/>\n<meta property=\"og:title\" content=\"Chartermanagement - Newera Yachting\" \/>\n<meta property=\"og:description\" content=\"[vc_row full_width_css=&#8220;stretch_row_content_no_spaces_css&#8220; full_height=&#8220;yes&#8220; columns_placement=&#8220;bottom&#8220; conditional_render=&#8220;%5B%7B%22value_role%22%3A%22administrator%22%7D%5D&#8220; css=&#8220;.vc_custom_1747225481801{margin-top: 0px !important;background-image: url(https:\/\/www.newera-yachting.com\/wp-content\/uploads\/2025\/05\/Web-501682.jpg?id=5903) !important;background-position: center !important;background-repeat: no-repeat !important;background-size: cover !important;}&#8220; el_class=&#8220;product_hero&#8220;][vc_column][vc_row_inner wrap_container=&#8220;yes&#8220;][vc_column_inner css=&#8220;.vc_custom_1743066674826{margin-bottom: 50px !important;}&#8220;][vc_custom_heading text=&#8220;Ihr Partner f\u00fcr Charter &#8211; Management&#8220; font_container=&#8220;tag:h2|font_size:20|text_align:left|color:%23ffffff&#8220; use_theme_fonts=&#8220;yes&#8220; css=&#8220;.vc_custom_1746795581449{margin-bottom: 20px !important;}&#8220; font_weight=&#8220;700&#8243;][vc_custom_heading text=&#8220;Ihr Boot \u2013 Ihr Vorteil&#8220; font_container=&#8220;tag:h1|font_size:88|text_align:left|color:%23ffffff&#8220; use_theme_fonts=&#8220;yes&#8220; font_weight=&#8220;600&#8243;][\/vc_column_inner][\/vc_row_inner][\/vc_column][\/vc_row][vc_row full_width_css=&#8220;stretch_row_content_no_spaces_css&#8220; conditional_render=&#8220;%5B%7B%22value_role%22%3A%22administrator%22%7D%5D&#8220; el_class=&#8220;mix_mobile_pading&#8220; css=&#8220;.vc_custom_1743067173302{padding-top: 150px !important;padding-bottom: 150px !important;}&#8220;][vc_column][vc_row_inner wrap_container=&#8220;yes&#8220;][vc_column_inner][vc_custom_heading text=&#8220;Rundum sorgloses Chartern&#8220; font_container=&#8220;tag:h1|font_size:48|text_align:left|color:%2314233d&#8220; use_theme_fonts=&#8220;yes&#8220; [&hellip;]\" \/>\n<meta property=\"og:url\" content=\"https:\/\/www.newera-yachting.com\/de\/chartermanagement\/\" \/>\n<meta property=\"og:site_name\" content=\"Newera Yachting\" \/>\n<meta property=\"article:publisher\" content=\"https:\/\/www.facebook.com\/newera.yachting\" \/>\n<meta property=\"article:modified_time\" content=\"2025-11-05T13:33:30+00:00\" \/>\n<meta name=\"twitter:card\" content=\"summary_large_image\" \/>\n<meta name=\"twitter:label1\" content=\"Gesch\u00e4tzte Lesezeit\" \/>\n\t<meta name=\"twitter:data1\" content=\"3\u00a0Minute\" \/>\n<script type=\"application\/ld+json\" class=\"yoast-schema-graph\">{\"@context\":\"https:\/\/schema.org\",\"@graph\":[{\"@type\":\"WebPage\",\"@id\":\"https:\/\/www.newera-yachting.com\/de\/chartermanagement\/\",\"url\":\"https:\/\/www.newera-yachting.com\/de\/chartermanagement\/\",\"name\":\"Chartermanagement - Newera Yachting\",\"isPartOf\":{\"@id\":\"https:\/\/www.newera-yachting.com\/de\/#website\"},\"datePublished\":\"2025-05-16T07:22:19+00:00\",\"dateModified\":\"2025-11-05T13:33:30+00:00\",\"breadcrumb\":{\"@id\":\"https:\/\/www.newera-yachting.com\/de\/chartermanagement\/#breadcrumb\"},\"inLanguage\":\"de\",\"potentialAction\":[{\"@type\":\"ReadAction\",\"target\":[\"https:\/\/www.newera-yachting.com\/de\/chartermanagement\/\"]}]},{\"@type\":\"BreadcrumbList\",\"@id\":\"https:\/\/www.newera-yachting.com\/de\/chartermanagement\/#breadcrumb\",\"itemListElement\":[{\"@type\":\"ListItem\",\"position\":1,\"name\":\"Home\",\"item\":\"https:\/\/www.newera-yachting.com\/de\/?page_id=18475\"},{\"@type\":\"ListItem\",\"position\":2,\"name\":\"Chartermanagement\"}]},{\"@type\":\"WebSite\",\"@id\":\"https:\/\/www.newera-yachting.com\/de\/#website\",\"url\":\"https:\/\/www.newera-yachting.com\/de\/\",\"name\":\"Newera Yachting\",\"description\":\"Official dealer for Saxdor in Adriatic region\",\"publisher\":{\"@id\":\"https:\/\/www.newera-yachting.com\/de\/#organization\"},\"potentialAction\":[{\"@type\":\"SearchAction\",\"target\":{\"@type\":\"EntryPoint\",\"urlTemplate\":\"https:\/\/www.newera-yachting.com\/de\/?s={search_term_string}\"},\"query-input\":{\"@type\":\"PropertyValueSpecification\",\"valueRequired\":true,\"valueName\":\"search_term_string\"}}],\"inLanguage\":\"de\"},{\"@type\":\"Organization\",\"@id\":\"https:\/\/www.newera-yachting.com\/de\/#organization\",\"name\":\"Newera Yachting\",\"url\":\"https:\/\/www.newera-yachting.com\/de\/\",\"logo\":{\"@type\":\"ImageObject\",\"inLanguage\":\"de\",\"@id\":\"https:\/\/www.newera-yachting.com\/de\/#\/schema\/logo\/image\/\",\"url\":\"https:\/\/www.newera-yachting.com\/wp-content\/uploads\/2025\/04\/newera.svg\",\"contentUrl\":\"https:\/\/www.newera-yachting.com\/wp-content\/uploads\/2025\/04\/newera.svg\",\"width\":1,\"height\":1,\"caption\":\"Newera Yachting\"},\"image\":{\"@id\":\"https:\/\/www.newera-yachting.com\/de\/#\/schema\/logo\/image\/\"},\"sameAs\":[\"https:\/\/www.facebook.com\/newera.yachting\"]}]}<\/script>\n<!-- \/ Yoast SEO plugin. -->","yoast_head_json":{"title":"Chartermanagement - Newera Yachting","robots":{"index":"index","follow":"follow","max-snippet":"max-snippet:-1","max-image-preview":"max-image-preview:large","max-video-preview":"max-video-preview:-1"},"canonical":"https:\/\/www.newera-yachting.com\/de\/chartermanagement\/","og_locale":"de_DE","og_type":"article","og_title":"Chartermanagement - Newera Yachting","og_description":"[vc_row full_width_css=&#8220;stretch_row_content_no_spaces_css&#8220; full_height=&#8220;yes&#8220; columns_placement=&#8220;bottom&#8220; conditional_render=&#8220;%5B%7B%22value_role%22%3A%22administrator%22%7D%5D&#8220; css=&#8220;.vc_custom_1747225481801{margin-top: 0px !important;background-image: url(https:\/\/www.newera-yachting.com\/wp-content\/uploads\/2025\/05\/Web-501682.jpg?id=5903) !important;background-position: center !important;background-repeat: no-repeat !important;background-size: cover !important;}&#8220; el_class=&#8220;product_hero&#8220;][vc_column][vc_row_inner wrap_container=&#8220;yes&#8220;][vc_column_inner css=&#8220;.vc_custom_1743066674826{margin-bottom: 50px !important;}&#8220;][vc_custom_heading text=&#8220;Ihr Partner f\u00fcr Charter &#8211; Management&#8220; font_container=&#8220;tag:h2|font_size:20|text_align:left|color:%23ffffff&#8220; use_theme_fonts=&#8220;yes&#8220; css=&#8220;.vc_custom_1746795581449{margin-bottom: 20px !important;}&#8220; font_weight=&#8220;700&#8243;][vc_custom_heading text=&#8220;Ihr Boot \u2013 Ihr Vorteil&#8220; font_container=&#8220;tag:h1|font_size:88|text_align:left|color:%23ffffff&#8220; use_theme_fonts=&#8220;yes&#8220; font_weight=&#8220;600&#8243;][\/vc_column_inner][\/vc_row_inner][\/vc_column][\/vc_row][vc_row full_width_css=&#8220;stretch_row_content_no_spaces_css&#8220; conditional_render=&#8220;%5B%7B%22value_role%22%3A%22administrator%22%7D%5D&#8220; el_class=&#8220;mix_mobile_pading&#8220; css=&#8220;.vc_custom_1743067173302{padding-top: 150px !important;padding-bottom: 150px !important;}&#8220;][vc_column][vc_row_inner wrap_container=&#8220;yes&#8220;][vc_column_inner][vc_custom_heading text=&#8220;Rundum sorgloses Chartern&#8220; font_container=&#8220;tag:h1|font_size:48|text_align:left|color:%2314233d&#8220; use_theme_fonts=&#8220;yes&#8220; [&hellip;]","og_url":"https:\/\/www.newera-yachting.com\/de\/chartermanagement\/","og_site_name":"Newera Yachting","article_publisher":"https:\/\/www.facebook.com\/newera.yachting","article_modified_time":"2025-11-05T13:33:30+00:00","twitter_card":"summary_large_image","twitter_misc":{"Gesch\u00e4tzte Lesezeit":"3\u00a0Minute"},"schema":{"@context":"https:\/\/schema.org","@graph":[{"@type":"WebPage","@id":"https:\/\/www.newera-yachting.com\/de\/chartermanagement\/","url":"https:\/\/www.newera-yachting.com\/de\/chartermanagement\/","name":"Chartermanagement - Newera Yachting","isPartOf":{"@id":"https:\/\/www.newera-yachting.com\/de\/#website"},"datePublished":"2025-05-16T07:22:19+00:00","dateModified":"2025-11-05T13:33:30+00:00","breadcrumb":{"@id":"https:\/\/www.newera-yachting.com\/de\/chartermanagement\/#breadcrumb"},"inLanguage":"de","potentialAction":[{"@type":"ReadAction","target":["https:\/\/www.newera-yachting.com\/de\/chartermanagement\/"]}]},{"@type":"BreadcrumbList","@id":"https:\/\/www.newera-yachting.com\/de\/chartermanagement\/#breadcrumb","itemListElement":[{"@type":"ListItem","position":1,"name":"Home","item":"https:\/\/www.newera-yachting.com\/de\/?page_id=18475"},{"@type":"ListItem","position":2,"name":"Chartermanagement"}]},{"@type":"WebSite","@id":"https:\/\/www.newera-yachting.com\/de\/#website","url":"https:\/\/www.newera-yachting.com\/de\/","name":"Newera Yachting","description":"Official dealer for Saxdor in Adriatic region","publisher":{"@id":"https:\/\/www.newera-yachting.com\/de\/#organization"},"potentialAction":[{"@type":"SearchAction","target":{"@type":"EntryPoint","urlTemplate":"https:\/\/www.newera-yachting.com\/de\/?s={search_term_string}"},"query-input":{"@type":"PropertyValueSpecification","valueRequired":true,"valueName":"search_term_string"}}],"inLanguage":"de"},{"@type":"Organization","@id":"https:\/\/www.newera-yachting.com\/de\/#organization","name":"Newera Yachting","url":"https:\/\/www.newera-yachting.com\/de\/","logo":{"@type":"ImageObject","inLanguage":"de","@id":"https:\/\/www.newera-yachting.com\/de\/#\/schema\/logo\/image\/","url":"https:\/\/www.newera-yachting.com\/wp-content\/uploads\/2025\/04\/newera.svg","contentUrl":"https:\/\/www.newera-yachting.com\/wp-content\/uploads\/2025\/04\/newera.svg","width":1,"height":1,"caption":"Newera Yachting"},"image":{"@id":"https:\/\/www.newera-yachting.com\/de\/#\/schema\/logo\/image\/"},"sameAs":["https:\/\/www.facebook.com\/newera.yachting"]}]}},"_links":{"self":[{"href":"https:\/\/www.newera-yachting.com\/de\/wp-json\/wp\/v2\/pages\/18636","targetHints":{"allow":["GET"]}}],"collection":[{"href":"https:\/\/www.newera-yachting.com\/de\/wp-json\/wp\/v2\/pages"}],"about":[{"href":"https:\/\/www.newera-yachting.com\/de\/wp-json\/wp\/v2\/types\/page"}],"author":[{"embeddable":true,"href":"https:\/\/www.newera-yachting.com\/de\/wp-json\/wp\/v2\/users\/2"}],"replies":[{"embeddable":true,"href":"https:\/\/www.newera-yachting.com\/de\/wp-json\/wp\/v2\/comments?post=18636"}],"version-history":[{"count":5,"href":"https:\/\/www.newera-yachting.com\/de\/wp-json\/wp\/v2\/pages\/18636\/revisions"}],"predecessor-version":[{"id":19648,"href":"https:\/\/www.newera-yachting.com\/de\/wp-json\/wp\/v2\/pages\/18636\/revisions\/19648"}],"wp:attachment":[{"href":"https:\/\/www.newera-yachting.com\/de\/wp-json\/wp\/v2\/media?parent=18636"}],"curies":[{"name":"wp","href":"https:\/\/api.w.org\/{rel}","templated":true}]}}