{"id":18619,"date":"2024-02-25T21:45:00","date_gmt":"2024-02-25T20:45:00","guid":{"rendered":"https:\/\/www.newera-yachting.com\/saxdor-460-gtc\/"},"modified":"2026-03-03T10:00:52","modified_gmt":"2026-03-03T09:00:52","slug":"saxdor-460-gtc","status":"publish","type":"page","link":"https:\/\/www.newera-yachting.com\/cs\/saxdor-460-gtc\/","title":{"rendered":"SAXDOR 460 GTC"},"content":{"rendered":"<div class=\"wpb-content-wrapper\"><p>[vc_row full_width=&#8220;stretch_row_content_no_spaces&#8220; remove_margin_top=&#8220;yes&#8220; remove_margin_bottom=&#8220;yes&#8220; remove_padding_top=&#8220;yes&#8220; remove_padding_bottom=&#8220;yes&#8220; conditional_render=&#8220;%5B%7B%22value_role%22%3A%22administrator%22%7D%5D&#8220; css=&#8220;.vc_custom_1677693737873{margin-top: 0px !important;margin-bottom: 0px !important;padding-top: 0px !important;padding-bottom: 0px !important;}&#8220;][vc_column remove_margin_top=&#8220;yes&#8220; remove_margin_bottom=&#8220;yes&#8220; remove_padding_top=&#8220;yes&#8220; remove_padding_bottom=&#8220;yes&#8220; css=&#8220;.vc_custom_1677693771053{margin-top: 0px !important;margin-bottom: 0px !important;padding-top: 0px !important;padding-bottom: 0px !important;}&#8220; conditional_render=&#8220;%5B%7B%22value_role%22%3A%22administrator%22%7D%5D&#8220;][vc_single_image image=&#8220;7535&#8243; img_size=&#8220;full&#8220; alignment=&#8220;center&#8220; css=&#8220;.vc_custom_1708901134996{margin-top: 0px !important;margin-bottom: 0px !important;padding-top: 0px !important;padding-bottom: 0px !important;background-position: center !important;background-repeat: no-repeat !important;background-size: cover !important;}&#8220;][\/vc_column][\/vc_row][vc_row full_width=&#8220;stretch_row_content_no_spaces&#8220; content_placement=&#8220;middle&#8220; remove_margin_top=&#8220;yes&#8220; remove_margin_bottom=&#8220;yes&#8220; remove_padding_top=&#8220;yes&#8220; remove_padding_bottom=&#8220;yes&#8220; css=&#8220;.vc_custom_1709150097286{margin-top: 0px !important;margin-bottom: 0px !important;border-bottom-width: 5px !important;padding-top: 0px !important;padding-bottom: 0px !important;background-image: url(https:\/\/www.newera-yachting.com\/wp-content\/uploads\/2024\/02\/bg1-scaled.jpg?id=3046) !important;background-position: center !important;background-repeat: no-repeat !important;background-size: cover !important;border-bottom-color: #cccccc !important;border-bottom-style: solid !important;}&#8220; conditional_render=&#8220;%5B%7B%22value_role%22%3A%22administrator%22%7D%5D&#8220;][vc_column width=&#8220;1\/6&#8243;][\/vc_column][vc_column width=&#8220;2\/3&#8243; css=&#8220;.vc_custom_1677710896907{margin-top: 0px !important;margin-bottom: 0px !important;padding-top: 0px !important;padding-right: 20px !important;padding-bottom: 0px !important;padding-left: 20px !important;}&#8220; conditional_render=&#8220;%5B%7B%22value_role%22%3A%22administrator%22%7D%5D&#8220;][vc_empty_space height=&#8220;160px&#8220;][vc_column_text]<\/p>\n<p style=\"text-align: center;\"><span style=\"font-size: 30px; color: #212529;\">JI\u017d BRZY!<\/span><\/p>\n<p>[\/vc_column_text][vc_empty_space height=&#8220;120px&#8220;][\/vc_column][vc_column width=&#8220;1\/6&#8243;][\/vc_column][\/vc_row]<\/p>\n<\/div>","protected":false},"excerpt":{"rendered":"<p>[vc_row full_width=&#8220;stretch_row_content_no_spaces&#8220; remove_margin_top=&#8220;yes&#8220; remove_margin_bottom=&#8220;yes&#8220; remove_padding_top=&#8220;yes&#8220; remove_padding_bottom=&#8220;yes&#8220; conditional_render=&#8220;%5B%7B%22value_role%22%3A%22administrator%22%7D%5D&#8220; css=&#8220;.vc_custom_1677693737873{margin-top: 0px !important;margin-bottom: 0px !important;padding-top: 0px !important;padding-bottom: 0px !important;}&#8220;][vc_column remove_margin_top=&#8220;yes&#8220; remove_margin_bottom=&#8220;yes&#8220; remove_padding_top=&#8220;yes&#8220; remove_padding_bottom=&#8220;yes&#8220; css=&#8220;.vc_custom_1677693771053{margin-top: 0px !important;margin-bottom: 0px !important;padding-top: 0px !important;padding-bottom: 0px !important;}&#8220; conditional_render=&#8220;%5B%7B%22value_role%22%3A%22administrator%22%7D%5D&#8220;][vc_single_image image=&#8220;7535&#8243; img_size=&#8220;full&#8220; alignment=&#8220;center&#8220; css=&#8220;.vc_custom_1708901134996{margin-top: 0px !important;margin-bottom: 0px !important;padding-top: 0px !important;padding-bottom: 0px !important;background-position: center !important;background-repeat: no-repeat !important;background-size: cover !important;}&#8220;][\/vc_column][\/vc_row][vc_row full_width=&#8220;stretch_row_content_no_spaces&#8220; content_placement=&#8220;middle&#8220; remove_margin_top=&#8220;yes&#8220; remove_margin_bottom=&#8220;yes&#8220; remove_padding_top=&#8220;yes&#8220; remove_padding_bottom=&#8220;yes&#8220; css=&#8220;.vc_custom_1709150097286{margin-top: [&hellip;]<\/p>\n","protected":false},"author":1,"featured_media":0,"parent":0,"menu_order":0,"comment_status":"closed","ping_status":"closed","template":"","meta":{"_acf_changed":false,"footnotes":""},"class_list":["post-18619","page","type-page","status-publish","hentry"],"acf":[],"yoast_head":"<!-- This site is optimized with the Yoast SEO plugin v25.8 - https:\/\/yoast.com\/wordpress\/plugins\/seo\/ -->\n<title>SAXDOR 460 GTC - Newera Yachting<\/title>\n<meta name=\"robots\" content=\"index, follow, max-snippet:-1, max-image-preview:large, max-video-preview:-1\" \/>\n<link rel=\"canonical\" href=\"https:\/\/www.newera-yachting.com\/cs\/saxdor-460-gtc\/\" \/>\n<meta property=\"og:locale\" content=\"cs_CZ\" \/>\n<meta property=\"og:type\" content=\"article\" \/>\n<meta property=\"og:title\" content=\"SAXDOR 460 GTC - Newera Yachting\" \/>\n<meta property=\"og:description\" content=\"[vc_row full_width=&#8220;stretch_row_content_no_spaces&#8220; remove_margin_top=&#8220;yes&#8220; remove_margin_bottom=&#8220;yes&#8220; remove_padding_top=&#8220;yes&#8220; remove_padding_bottom=&#8220;yes&#8220; conditional_render=&#8220;%5B%7B%22value_role%22%3A%22administrator%22%7D%5D&#8220; css=&#8220;.vc_custom_1677693737873{margin-top: 0px !important;margin-bottom: 0px !important;padding-top: 0px !important;padding-bottom: 0px !important;}&#8220;][vc_column remove_margin_top=&#8220;yes&#8220; remove_margin_bottom=&#8220;yes&#8220; remove_padding_top=&#8220;yes&#8220; remove_padding_bottom=&#8220;yes&#8220; css=&#8220;.vc_custom_1677693771053{margin-top: 0px !important;margin-bottom: 0px !important;padding-top: 0px !important;padding-bottom: 0px !important;}&#8220; conditional_render=&#8220;%5B%7B%22value_role%22%3A%22administrator%22%7D%5D&#8220;][vc_single_image image=&#8220;7535&#8243; img_size=&#8220;full&#8220; alignment=&#8220;center&#8220; css=&#8220;.vc_custom_1708901134996{margin-top: 0px !important;margin-bottom: 0px !important;padding-top: 0px !important;padding-bottom: 0px !important;background-position: center !important;background-repeat: no-repeat !important;background-size: cover !important;}&#8220;][\/vc_column][\/vc_row][vc_row full_width=&#8220;stretch_row_content_no_spaces&#8220; content_placement=&#8220;middle&#8220; remove_margin_top=&#8220;yes&#8220; remove_margin_bottom=&#8220;yes&#8220; remove_padding_top=&#8220;yes&#8220; remove_padding_bottom=&#8220;yes&#8220; css=&#8220;.vc_custom_1709150097286{margin-top: [&hellip;]\" \/>\n<meta property=\"og:url\" content=\"https:\/\/www.newera-yachting.com\/cs\/saxdor-460-gtc\/\" \/>\n<meta property=\"og:site_name\" content=\"Newera Yachting\" \/>\n<meta property=\"article:publisher\" content=\"https:\/\/www.facebook.com\/newera.yachting\" \/>\n<meta property=\"article:modified_time\" content=\"2026-03-03T09:00:52+00:00\" \/>\n<meta name=\"twitter:card\" content=\"summary_large_image\" \/>\n<meta name=\"twitter:label1\" content=\"Odhadovan\u00e1 doba \u010dten\u00ed\" \/>\n\t<meta name=\"twitter:data1\" content=\"1 minuta\" \/>\n<script type=\"application\/ld+json\" class=\"yoast-schema-graph\">{\"@context\":\"https:\/\/schema.org\",\"@graph\":[{\"@type\":\"WebPage\",\"@id\":\"https:\/\/www.newera-yachting.com\/cs\/saxdor-460-gtc\/\",\"url\":\"https:\/\/www.newera-yachting.com\/cs\/saxdor-460-gtc\/\",\"name\":\"SAXDOR 460 GTC - Newera Yachting\",\"isPartOf\":{\"@id\":\"https:\/\/www.newera-yachting.com\/cs\/#website\"},\"datePublished\":\"2024-02-25T20:45:00+00:00\",\"dateModified\":\"2026-03-03T09:00:52+00:00\",\"breadcrumb\":{\"@id\":\"https:\/\/www.newera-yachting.com\/cs\/saxdor-460-gtc\/#breadcrumb\"},\"inLanguage\":\"cs\",\"potentialAction\":[{\"@type\":\"ReadAction\",\"target\":[\"https:\/\/www.newera-yachting.com\/cs\/saxdor-460-gtc\/\"]}]},{\"@type\":\"BreadcrumbList\",\"@id\":\"https:\/\/www.newera-yachting.com\/cs\/saxdor-460-gtc\/#breadcrumb\",\"itemListElement\":[{\"@type\":\"ListItem\",\"position\":1,\"name\":\"Home\",\"item\":\"https:\/\/www.newera-yachting.com\/cs\/\"},{\"@type\":\"ListItem\",\"position\":2,\"name\":\"SAXDOR 460 GTC\"}]},{\"@type\":\"WebSite\",\"@id\":\"https:\/\/www.newera-yachting.com\/cs\/#website\",\"url\":\"https:\/\/www.newera-yachting.com\/cs\/\",\"name\":\"Newera Yachting\",\"description\":\"Official dealer for Saxdor in Adriatic region\",\"publisher\":{\"@id\":\"https:\/\/www.newera-yachting.com\/cs\/#organization\"},\"potentialAction\":[{\"@type\":\"SearchAction\",\"target\":{\"@type\":\"EntryPoint\",\"urlTemplate\":\"https:\/\/www.newera-yachting.com\/cs\/?s={search_term_string}\"},\"query-input\":{\"@type\":\"PropertyValueSpecification\",\"valueRequired\":true,\"valueName\":\"search_term_string\"}}],\"inLanguage\":\"cs\"},{\"@type\":\"Organization\",\"@id\":\"https:\/\/www.newera-yachting.com\/cs\/#organization\",\"name\":\"Newera Yachting\",\"url\":\"https:\/\/www.newera-yachting.com\/cs\/\",\"logo\":{\"@type\":\"ImageObject\",\"inLanguage\":\"cs\",\"@id\":\"https:\/\/www.newera-yachting.com\/cs\/#\/schema\/logo\/image\/\",\"url\":\"https:\/\/www.newera-yachting.com\/wp-content\/uploads\/2025\/04\/newera.svg\",\"contentUrl\":\"https:\/\/www.newera-yachting.com\/wp-content\/uploads\/2025\/04\/newera.svg\",\"width\":1,\"height\":1,\"caption\":\"Newera Yachting\"},\"image\":{\"@id\":\"https:\/\/www.newera-yachting.com\/cs\/#\/schema\/logo\/image\/\"},\"sameAs\":[\"https:\/\/www.facebook.com\/newera.yachting\"]}]}<\/script>\n<!-- \/ Yoast SEO plugin. -->","yoast_head_json":{"title":"SAXDOR 460 GTC - Newera Yachting","robots":{"index":"index","follow":"follow","max-snippet":"max-snippet:-1","max-image-preview":"max-image-preview:large","max-video-preview":"max-video-preview:-1"},"canonical":"https:\/\/www.newera-yachting.com\/cs\/saxdor-460-gtc\/","og_locale":"cs_CZ","og_type":"article","og_title":"SAXDOR 460 GTC - Newera Yachting","og_description":"[vc_row full_width=&#8220;stretch_row_content_no_spaces&#8220; remove_margin_top=&#8220;yes&#8220; remove_margin_bottom=&#8220;yes&#8220; remove_padding_top=&#8220;yes&#8220; remove_padding_bottom=&#8220;yes&#8220; conditional_render=&#8220;%5B%7B%22value_role%22%3A%22administrator%22%7D%5D&#8220; css=&#8220;.vc_custom_1677693737873{margin-top: 0px !important;margin-bottom: 0px !important;padding-top: 0px !important;padding-bottom: 0px !important;}&#8220;][vc_column remove_margin_top=&#8220;yes&#8220; remove_margin_bottom=&#8220;yes&#8220; remove_padding_top=&#8220;yes&#8220; remove_padding_bottom=&#8220;yes&#8220; css=&#8220;.vc_custom_1677693771053{margin-top: 0px !important;margin-bottom: 0px !important;padding-top: 0px !important;padding-bottom: 0px !important;}&#8220; conditional_render=&#8220;%5B%7B%22value_role%22%3A%22administrator%22%7D%5D&#8220;][vc_single_image image=&#8220;7535&#8243; img_size=&#8220;full&#8220; alignment=&#8220;center&#8220; css=&#8220;.vc_custom_1708901134996{margin-top: 0px !important;margin-bottom: 0px !important;padding-top: 0px !important;padding-bottom: 0px !important;background-position: center !important;background-repeat: no-repeat !important;background-size: cover !important;}&#8220;][\/vc_column][\/vc_row][vc_row full_width=&#8220;stretch_row_content_no_spaces&#8220; content_placement=&#8220;middle&#8220; remove_margin_top=&#8220;yes&#8220; remove_margin_bottom=&#8220;yes&#8220; remove_padding_top=&#8220;yes&#8220; remove_padding_bottom=&#8220;yes&#8220; css=&#8220;.vc_custom_1709150097286{margin-top: [&hellip;]","og_url":"https:\/\/www.newera-yachting.com\/cs\/saxdor-460-gtc\/","og_site_name":"Newera Yachting","article_publisher":"https:\/\/www.facebook.com\/newera.yachting","article_modified_time":"2026-03-03T09:00:52+00:00","twitter_card":"summary_large_image","twitter_misc":{"Odhadovan\u00e1 doba \u010dten\u00ed":"1 minuta"},"schema":{"@context":"https:\/\/schema.org","@graph":[{"@type":"WebPage","@id":"https:\/\/www.newera-yachting.com\/cs\/saxdor-460-gtc\/","url":"https:\/\/www.newera-yachting.com\/cs\/saxdor-460-gtc\/","name":"SAXDOR 460 GTC - Newera Yachting","isPartOf":{"@id":"https:\/\/www.newera-yachting.com\/cs\/#website"},"datePublished":"2024-02-25T20:45:00+00:00","dateModified":"2026-03-03T09:00:52+00:00","breadcrumb":{"@id":"https:\/\/www.newera-yachting.com\/cs\/saxdor-460-gtc\/#breadcrumb"},"inLanguage":"cs","potentialAction":[{"@type":"ReadAction","target":["https:\/\/www.newera-yachting.com\/cs\/saxdor-460-gtc\/"]}]},{"@type":"BreadcrumbList","@id":"https:\/\/www.newera-yachting.com\/cs\/saxdor-460-gtc\/#breadcrumb","itemListElement":[{"@type":"ListItem","position":1,"name":"Home","item":"https:\/\/www.newera-yachting.com\/cs\/"},{"@type":"ListItem","position":2,"name":"SAXDOR 460 GTC"}]},{"@type":"WebSite","@id":"https:\/\/www.newera-yachting.com\/cs\/#website","url":"https:\/\/www.newera-yachting.com\/cs\/","name":"Newera Yachting","description":"Official dealer for Saxdor in Adriatic region","publisher":{"@id":"https:\/\/www.newera-yachting.com\/cs\/#organization"},"potentialAction":[{"@type":"SearchAction","target":{"@type":"EntryPoint","urlTemplate":"https:\/\/www.newera-yachting.com\/cs\/?s={search_term_string}"},"query-input":{"@type":"PropertyValueSpecification","valueRequired":true,"valueName":"search_term_string"}}],"inLanguage":"cs"},{"@type":"Organization","@id":"https:\/\/www.newera-yachting.com\/cs\/#organization","name":"Newera Yachting","url":"https:\/\/www.newera-yachting.com\/cs\/","logo":{"@type":"ImageObject","inLanguage":"cs","@id":"https:\/\/www.newera-yachting.com\/cs\/#\/schema\/logo\/image\/","url":"https:\/\/www.newera-yachting.com\/wp-content\/uploads\/2025\/04\/newera.svg","contentUrl":"https:\/\/www.newera-yachting.com\/wp-content\/uploads\/2025\/04\/newera.svg","width":1,"height":1,"caption":"Newera Yachting"},"image":{"@id":"https:\/\/www.newera-yachting.com\/cs\/#\/schema\/logo\/image\/"},"sameAs":["https:\/\/www.facebook.com\/newera.yachting"]}]}},"_links":{"self":[{"href":"https:\/\/www.newera-yachting.com\/cs\/wp-json\/wp\/v2\/pages\/18619","targetHints":{"allow":["GET"]}}],"collection":[{"href":"https:\/\/www.newera-yachting.com\/cs\/wp-json\/wp\/v2\/pages"}],"about":[{"href":"https:\/\/www.newera-yachting.com\/cs\/wp-json\/wp\/v2\/types\/page"}],"author":[{"embeddable":true,"href":"https:\/\/www.newera-yachting.com\/cs\/wp-json\/wp\/v2\/users\/1"}],"replies":[{"embeddable":true,"href":"https:\/\/www.newera-yachting.com\/cs\/wp-json\/wp\/v2\/comments?post=18619"}],"version-history":[{"count":11,"href":"https:\/\/www.newera-yachting.com\/cs\/wp-json\/wp\/v2\/pages\/18619\/revisions"}],"predecessor-version":[{"id":20344,"href":"https:\/\/www.newera-yachting.com\/cs\/wp-json\/wp\/v2\/pages\/18619\/revisions\/20344"}],"wp:attachment":[{"href":"https:\/\/www.newera-yachting.com\/cs\/wp-json\/wp\/v2\/media?parent=18619"}],"curies":[{"name":"wp","href":"https:\/\/api.w.org\/{rel}","templated":true}]}}